{"id":10339,"date":"2025-02-03T16:16:58","date_gmt":"2025-02-03T15:16:58","guid":{"rendered":"https:\/\/fatamorganavoyages.com\/?page_id=10339"},"modified":"2025-07-09T22:49:59","modified_gmt":"2025-07-09T21:49:59","slug":"nos-tours","status":"publish","type":"page","link":"https:\/\/fatamorganavoyages.com\/fr\/nos-tours\/","title":{"rendered":"Nos Tours"},"content":{"rendered":"<div data-elementor-type=\"wp-page\" data-elementor-id=\"10339\" class=\"elementor elementor-10339\">\n\t\t\t\t<div class=\"elementor-element elementor-element-6b41e3d5 e-flex e-con-boxed e-con e-parent\" data-id=\"6b41e3d5\" data-element_type=\"container\" data-settings=\"{&quot;background_background&quot;:&quot;classic&quot;}\">\n\t\t\t\t\t<div class=\"e-con-inner\">\n\t\t<div class=\"elementor-element elementor-element-56336b86 e-flex e-con-boxed e-con e-child\" data-id=\"56336b86\" data-element_type=\"container\" data-settings=\"{&quot;background_background&quot;:&quot;classic&quot;}\">\n\t\t\t\t\t<div class=\"e-con-inner\">\n\t\t\t\t<div class=\"elementor-element elementor-element-3f3c799d elementor-widget-mobile__width-inherit elementor-view-default elementor-vertical-align-top elementor-widget elementor-widget-icon-box\" data-id=\"3f3c799d\" data-element_type=\"widget\" data-widget_type=\"icon-box.default\">\n\t\t\t\t<div class=\"elementor-widget-container\">\n\t\t\t\t\t            <div class=\"elementor-icon-box-wrapper\">\r\n                                                                    <div class=\"elementor-icon-box-content\">\r\n                                       <h3 class=\"elementor-icon-box-title\">\r\n                        <span   style=\"display:block;\">\r\n\r\n                         Na\u0161e okruhy                        <\/span>\r\n                    <\/h3>\r\n                                            <p class=\"elementor-icon-box-description\">\r\n                            P\u0159ipravujeme dal\u0161\u00ed nezapomenuteln\u00e9 okruhy, kter\u00e9 v\u00e1m brzy p\u0159edstav\u00edme. Z\u016fsta\u0148te s n\u00e1mi!                        <\/p>\r\n                                    <\/div>\r\n            <\/div>\r\n            \t\t\t\t<\/div>\n\t\t\t\t<\/div>\n\t\t\t\t<div class=\"elementor-element elementor-element-7f0cad0c elementor-widget__width-initial elementor-widget-mobile__width-inherit elementor-widget elementor-widget-st-subscribe-form\" data-id=\"7f0cad0c\" data-element_type=\"widget\" data-widget_type=\"st-subscribe-form.default\">\n\t\t\t\t<div class=\"elementor-widget-container\">\n\t\t\t\t\t<div class=\"stt-subscribe-form-wrapper stt-subscribe-form-style-2 relative\">\r\n    <form class=\"traveler-form form-action\" data-validation-id=\"7f0cad0c\" id=\"form-subscribe-7f0cad0c\" method=\"post\" action=\"\">\r\n\r\n        <div class=\"form-row g-0\">\r\n            <div class=\"control-group\">\r\n                                <input class=\"form-input\" placeholder=\"V\u00e1\u0161 e-mail\" type=\"email\" name=\"EMAIL\" id=\"EMAIL-7f0cad0c\">\r\n            <\/div>\r\n            <button type=\"submit\" class=\"submit\">\r\n                <span class=\"button-text\">P\u0159ihl\u00e1sit se<\/span>            <\/button>\r\n        <\/div>\r\n        <div class=\"form-message mt-4\"><\/div>\r\n        <input type=\"hidden\" name=\"api_key\" class=\"api_key\" value=\"\" disabled>\r\n        <input type=\"hidden\" name=\"id_list_mailchimp\" class=\"id_list_mailchimp\" value=\"\" disabled>\r\n        <input type=\"hidden\" name=\"status\" class=\"status_email\" value=\"subscribed\" disabled>\r\n\r\n    <input type=\"hidden\" name=\"trp-form-language\" value=\"fr\"\/><\/form>\r\n<\/div>\r\n\t\t\t\t<\/div>\n\t\t\t\t<\/div>\n\t\t\t\t\t<\/div>\n\t\t\t\t<\/div>\n\t\t\t\t\t<\/div>\n\t\t\t\t<\/div>\n\t\t<div class=\"elementor-element elementor-element-d4ce774 e-flex e-con-boxed e-con e-parent\" data-id=\"d4ce774\" data-element_type=\"container\">\n\t\t\t\t\t<div class=\"e-con-inner\">\n\t\t\t\t<div class=\"elementor-element elementor-element-e9ec2f2 elementor-widget elementor-widget-heading\" data-id=\"e9ec2f2\" data-element_type=\"widget\" data-widget_type=\"heading.default\">\n\t\t\t\t<div class=\"elementor-widget-container\">\n\t\t\t\t\t<h2 class=\"elementor-heading-title elementor-size-default\">Nejlep\u0161\u00ed okruhy<\/h2>\t\t\t\t<\/div>\n\t\t\t\t<\/div>\n\t\t\t\t\t<\/div>\n\t\t\t\t<\/div>\n\t\t<div class=\"elementor-element elementor-element-62a166bf e-con-full animated-slow e-flex elementor-invisible e-con e-parent\" data-id=\"62a166bf\" data-element_type=\"container\" data-settings=\"{&quot;background_background&quot;:&quot;classic&quot;,&quot;animation&quot;:&quot;fadeIn&quot;}\">\n\t\t\t\t<div class=\"elementor-element elementor-element-20378784 elementor-widget-mobile__width-inherit animated-slow elementor-invisible elementor-widget elementor-widget-image\" data-id=\"20378784\" data-element_type=\"widget\" data-settings=\"{&quot;_animation&quot;:&quot;fadeInDown&quot;,&quot;_animation_delay&quot;:200}\" data-widget_type=\"image.default\">\n\t\t\t\t<div class=\"elementor-widget-container\">\n\t\t\t\t\t\t\t\t\t\t\t\t\t\t\t<img fetchpriority=\"high\" width=\"334\" height=\"212\"  class=\"attachment-full size-full wp-image-10500 lws-optimize-lazyload\" alt=\"\" srcset=\"https:\/\/fatamorganavoyages.com\/wp-content\/uploads\/2025\/01\/cropped-Blue_Waves_Surfing_Club_Logo__1_-removebg-preview-2.png 334w, https:\/\/fatamorganavoyages.com\/wp-content\/uploads\/2025\/01\/cropped-Blue_Waves_Surfing_Club_Logo__1_-removebg-preview-2-768x487.png 768w, https:\/\/fatamorganavoyages.com\/wp-content\/uploads\/2025\/01\/cropped-Blue_Waves_Surfing_Club_Logo__1_-removebg-preview-2-600x380.png 600w, https:\/\/fatamorganavoyages.com\/wp-content\/uploads\/2025\/01\/cropped-Blue_Waves_Surfing_Club_Logo__1_-removebg-preview-2-18x12.png 18w\" sizes=\"(max-width: 334px) 100vw, 334px\" >\t\t\t\t\t\t\t\t\t\t\t\t\t\t\t<\/div>\n\t\t\t\t<\/div>\n\t\t\t\t<div class=\"elementor-element elementor-element-e82f7ca elementor-widget-mobile__width-inherit animated-slow elementor-invisible elementor-widget elementor-widget-heading\" data-id=\"e82f7ca\" data-element_type=\"widget\" data-settings=\"{&quot;_animation&quot;:&quot;fadeIn&quot;,&quot;_animation_delay&quot;:400}\" data-widget_type=\"heading.default\">\n\t\t\t\t<div class=\"elementor-widget-container\">\n\t\t\t\t\t<h2 class=\"elementor-heading-title elementor-size-default\">Na\u0161e okruhy<\/h2>\t\t\t\t<\/div>\n\t\t\t\t<\/div>\n\t\t\t\t<div class=\"elementor-element elementor-element-79506025 elementor-widget-mobile__width-inherit animated-slow elementor-invisible elementor-widget elementor-widget-heading\" data-id=\"79506025\" data-element_type=\"widget\" data-settings=\"{&quot;_animation&quot;:&quot;fadeIn&quot;,&quot;_animation_delay&quot;:500}\" data-widget_type=\"heading.default\">\n\t\t\t\t<div class=\"elementor-widget-container\">\n\t\t\t\t\t<div class=\"elementor-heading-title elementor-size-default\">Objevte nezapomenuteln\u00e9 okruhy v Maghrebu: dobrodru\u017estv\u00ed, kultura a ohromuj\u00edc\u00ed krajina\n\nMaghreb, zem\u011b kontrast\u016f a z\u00e1zrak\u016f, v\u00e1s zve k jedine\u010dn\u00e9mu z\u00e1\u017eitku prost\u0159ednictv\u00edm autentick\u00fdch a nezapomenuteln\u00fdch okruh\u016f. A\u0165 u\u017e jste milovn\u00edkem historie, dobrodruhem tou\u017e\u00edc\u00edm po pou\u0161ti nebo hled\u00e1te odpo\u010dinek na st\u0159edomo\u0159sk\u00fdch pl\u00e1\u017e\u00edch, na\u0161e okruhy v Maroku, Al\u017e\u00edrsku a Tunisku spln\u00ed v\u0161echna va\u0161e p\u0159\u00e1n\u00ed. Objevte fascinuj\u00edc\u00ed med\u00edny, zelen\u00e9 o\u00e1zy, zlat\u00e9 duny Sahary, archeologick\u00e9 pam\u00e1tky zapsan\u00e9 na seznamu UNESCO a berbersk\u00e9 vesnice s bohatou histori\u00ed. A\u0165 u\u017e cestujete ter\u00e9nn\u00edm vozem, na velbloudovi nebo p\u011b\u0161ky, nechte se okouzlit rozmanitou krajinou a legend\u00e1rn\u00ed pohostinnost\u00ed n\u00e1rod\u016f Maghrebu. Rezervujte si nyn\u00ed sv\u016fj okruh na m\u00edru v Maghrebu a za\u017eijte v\u00fdjime\u010dn\u00e9 dobrodru\u017estv\u00ed mezi tradic\u00ed a modernitou! \u200b<\/div>\t\t\t\t<\/div>\n\t\t\t\t<\/div>\n\t\t\t\t<div class=\"elementor-element elementor-element-5825c6b9 elementor-widget-mobile__width-inherit animated-slow elementor-invisible elementor-widget elementor-widget-text-editor\" data-id=\"5825c6b9\" data-element_type=\"widget\" data-settings=\"{&quot;_animation&quot;:&quot;fadeIn&quot;,&quot;_animation_delay&quot;:700}\" data-widget_type=\"text-editor.default\">\n\t\t\t\t<div class=\"elementor-widget-container\">\n\t\t\t\t\t\t\t\t\t<p>\u00a0Kontaktujte n\u00e1s p\u0159es WhatsApp: +216 23 270 770 \/+420 703 959 441<\/p><section class=\"elementor-section elementor-inner-section elementor-element elementor-element-ea59237 elementor-section-boxed elementor-section-height-default elementor-section-height-default\" data-id=\"ea59237\" data-element_type=\"section\"><div class=\"elementor-container elementor-column-gap-default\"><div class=\"elementor-column elementor-col-100 elementor-inner-column elementor-element elementor-element-651bd57\" data-id=\"651bd57\" data-element_type=\"column\"><div class=\"elementor-widget-wrap elementor-element-populated\"><div class=\"elementor-element elementor-element-3b4167f elementor-widget elementor-widget-heading\" data-id=\"3b4167f\" data-element_type=\"widget\" data-widget_type=\"heading.default\"><div class=\"elementor-widget-container\">\u00a0<\/div><\/div><\/div><\/div><\/div><\/section>\t\t\t\t\t\t\t\t<\/div>\n\t\t\t\t<\/div>\n\t\t\t\t<\/div>\n\t\t\t\t<section class=\"elementor-section elementor-top-section elementor-element elementor-element-2f8bb146 elementor-section-boxed elementor-section-height-default elementor-section-height-default\" data-id=\"2f8bb146\" data-element_type=\"section\">\n\t\t\t\t\t\t<div class=\"elementor-container elementor-column-gap-default\">\n\t\t\t\t\t<div class=\"elementor-column elementor-col-100 elementor-top-column elementor-element elementor-element-77070adf\" data-id=\"77070adf\" data-element_type=\"column\">\n\t\t\t<div class=\"elementor-widget-wrap elementor-element-populated\">\n\t\t\t\t\t\t<div class=\"elementor-element elementor-element-66d2f689 elementor-widget elementor-widget-heading\" data-id=\"66d2f689\" data-element_type=\"widget\" data-widget_type=\"heading.default\">\n\t\t\t\t<div class=\"elementor-widget-container\">\n\t\t\t\t\t<h2 class=\"elementor-heading-title elementor-size-default\">Doporu\u010deno pro v\u00e1s<\/h2>\t\t\t\t<\/div>\n\t\t\t\t<\/div>\n\t\t\t\t<div class=\"elementor-element elementor-element-53aeb327 elementor-widget elementor-widget-st_list_service\" data-id=\"53aeb327\" data-element_type=\"widget\" data-settings=\"{&quot;orderby&quot;:&quot;post__in&quot;,&quot;type_form&quot;:&quot;single&quot;,&quot;order&quot;:&quot;ASC&quot;,&quot;item_row&quot;:&quot;3&quot;}\" data-widget_type=\"st_list_service.default\">\n\t\t\t\t<div class=\"elementor-widget-container\">\n\t\t\t\t\t<div class=\"st-list-service grid style_1\"\r\n     >\r\n    <div class=\"map-content-loading\">\r\n    <div class=\"st-loader\"><\/div>\r\n<\/div>        <div class=\"multi-service-wrapper\">\r\n        <div class=\"tab-content st_tours\"><div class=\"service-list-wrapper row\"><div class=\"item-tour col-lg-4 col-sm-6 col-md-6\" itemscope itemtype=\"https:\/\/schema.org\/TouristTrip\">\r\n    <div class=\"item item-tours service-border st-border-radius\">\r\n        <div class=\"featured-image\">\r\n                                        <a href=\"\" class=\"login\" data-bs-toggle=\"modal\" data-target=\"#st-login-form\">\r\n                    <div class=\"service-add-wishlist\" title=\"Add to wishlist\">\r\n                        <i class=\"fa fa-heart\"><\/i>\r\n                        <div class=\"lds-dual-ring\"><\/div>\r\n                    <\/div>\r\n                <\/a>\r\n                        <div class=\"service-tag bestseller\">\r\n                            <\/div>\r\n            <a href=\"https:\/\/fatamorganavoyages.com\/fr\/st_tour\/velky-okruh-tuniskem-z-dzerby-pres-saharu-az-po-kartago\/\">\r\n                <img width=\"900\" height=\"600\"  class=\"img-responsive wp-post-image lws-optimize-lazyload\" alt=\"Velk\u00fd okruh Tuniskem &#8211; z D\u017eerby p\u0159es Saharu a\u017e po Kart\u00e1go.\" itemprop=\"image\" srcset=\"https:\/\/fatamorganavoyages.com\/wp-content\/uploads\/2025\/07\/caption-2-900x600.png 900w, https:\/\/fatamorganavoyages.com\/wp-content\/uploads\/2025\/07\/caption-2-450x300.png 450w\" sizes=\"(max-width: 900px) 100vw, 900px\" >            <\/a>\r\n                                <\/div>\r\n        <div class=\"content-item\">\r\n\r\n            <h3 class=\"title\" itemprop=\"name\"><a href=\"https:\/\/fatamorganavoyages.com\/fr\/st_tour\/velky-okruh-tuniskem-z-dzerby-pres-saharu-az-po-kartago\/\">Velk\u00fd okruh Tuniskem &#8211; z D\u017eerby p\u0159es Saharu a\u017e po Kart\u00e1go.<\/a><\/h3>\r\n                        <div class=\"section-footer\">\r\n                <div class=\"reviews d-flex align-items-center\">\r\n                    \r\n                                        <span class=\"summary\">\r\n                        No Review                    <\/span>\r\n                <\/div>\r\n                <div class=\"footer-inner d-flex align-items-center justify-content-between\">\r\n                                        <div class=\"price-wrapper d-flex align-items-center\">\r\n                        <span>\r\n                            <i class=\"input-icon st-border-radius field-icon fa\"><svg width=\"10px\" height=\"16px\" viewbox=\"0 0 11 18\" version=\"1.1\" xmlns=\"http:\/\/www.w3.org\/2000\/svg\" xmlns:xlink=\"http:\/\/www.w3.org\/1999\/xlink\">\r\n    <!-- Generator: Sketch 49 (51002) - http:\/\/www.bohemiancoding.com\/sketch -->\r\n    \r\n    <defs><\/defs>\r\n    <g stroke=\"none\" stroke-width=\"1\" fill=\"none\" fill-rule=\"evenodd\">\r\n        <g id=\"Room_Only_Detail_1\" transform=\"translate(-135.000000, -4858.000000)\" fill=\"#ffab53\" fill-rule=\"nonzero\">\r\n            <g id=\"nearby-hotel\" transform=\"translate(130.000000, 4334.000000)\">\r\n                <g id=\"h1-g\" transform=\"translate(5.000000, 136.000000)\">\r\n                    <g id=\"hotel-grid\">\r\n                        <g id=\"price\" transform=\"translate(0.000000, 383.000000)\">\r\n                            <g id=\"thunder\" transform=\"translate(0.000000, 5.000000)\">\r\n                                <path d=\"M10.0143234,6.99308716 C9.91102517,6.83252576 9.73362166,6.73708716 9.54386728,6.73708716 L5.61404272,6.73708716 L5.61404272,0.561648567 C5.61404272,0.296666111 5.42877956,0.0676134793 5.16941114,0.0125959355 C4.90555149,-0.0435444154 4.64730587,0.0923152337 4.5395164,0.333718743 L0.0482883306,10.4389819 C-0.0291853536,10.6118942 -0.0123432484,10.8139994 0.0909549973,10.9723152 C0.194253243,11.1317538 0.371656752,11.2283152 0.561411138,11.2283152 L4.4912357,11.2283152 L4.4912357,17.4037538 C4.4912357,17.6687363 4.67649886,17.8977889 4.93586728,17.9528065 C4.97516552,17.9606661 5.01446377,17.9651573 5.05263921,17.9651573 C5.27046377,17.9651573 5.47369184,17.8382801 5.56576201,17.6316837 L10.0569901,7.5264205 C10.133341,7.35238541 10.1187445,7.15252576 10.0143234,6.99308716 Z\"><\/path>\r\n                            <\/g>\r\n                        <\/g>\r\n                    <\/g>\r\n                <\/g>\r\n            <\/g>\r\n        <\/g>\r\n    <\/g>\r\n<\/svg><\/i>                                <span class=\"fr_text\">from<\/span>\r\n                        <\/span>\r\n                        <span class=\"price\">\r\n                            <span class=\"text-lg lh1em item\"> \u20ac590,00<\/span>                        <\/span>\r\n                    <\/div>\r\n                <\/div>\r\n            <\/div>\r\n        <\/div>\r\n    <\/div>\r\n<\/div>\r\n<\/div><\/div>\r\n    <\/div>\r\n<\/div>\r\n\t\t\t\t<\/div>\n\t\t\t\t<\/div>\n\t\t\t\t\t<\/div>\n\t\t<\/div>\n\t\t\t\t\t<\/div>\n\t\t<\/section>\n\t\t\t\t<\/div>","protected":false},"excerpt":{"rendered":"<p>Na\u0161e okruhy P\u0159ipravujeme dal\u0161\u00ed nezapomenuteln\u00e9 okruhy, kter\u00e9 v\u00e1m brzy p\u0159edstav\u00edme. Z\u016fsta\u0148te s n\u00e1mi! P\u0159ihl\u00e1sit se Nejlep\u0161\u00ed okruhy Na\u0161e okruhy Objevte nezapomenuteln\u00e9 okruhy v Maghrebu: dobrodru\u017estv\u00ed, kultura a ohromuj\u00edc\u00ed krajina Maghreb, zem\u011b kontrast\u016f a z\u00e1zrak\u016f, v\u00e1s zve k jedine\u010dn\u00e9mu z\u00e1\u017eitku prost\u0159ednictv\u00edm autentick\u00fdch a nezapomenuteln\u00fdch okruh\u016f. A\u0165 u\u017e jste milovn\u00edkem historie, dobrodruhem tou\u017e\u00edc\u00edm po pou\u0161ti nebo hled\u00e1te [&hellip;]<\/p>","protected":false},"author":1,"featured_media":0,"parent":0,"menu_order":0,"comment_status":"closed","ping_status":"closed","template":"elementor_header_footer","meta":{"footnotes":""},"class_list":["post-10339","page","type-page","status-publish","has-post-thumbnail","hentry"],"yoast_head":"<!-- This site is optimized with the Yoast SEO plugin v27.5 - https:\/\/yoast.com\/product\/yoast-seo-wordpress\/ -->\n<title>Nos Tours - Mon site<\/title>\n<meta name=\"robots\" content=\"index, follow, max-snippet:-1, max-image-preview:large, max-video-preview:-1\" \/>\n<link rel=\"canonical\" href=\"https:\/\/fatamorganavoyages.com\/fr\/nos-tours\/\" \/>\n<meta property=\"og:locale\" content=\"fr_FR\" \/>\n<meta property=\"og:type\" content=\"article\" \/>\n<meta property=\"og:title\" content=\"Nos Tours - Mon site\" \/>\n<meta property=\"og:description\" content=\"Na\u0161e okruhy P\u0159ipravujeme dal\u0161\u00ed nezapomenuteln\u00e9 okruhy, kter\u00e9 v\u00e1m brzy p\u0159edstav\u00edme. Z\u016fsta\u0148te s n\u00e1mi! P\u0159ihl\u00e1sit se Nejlep\u0161\u00ed okruhy Na\u0161e okruhy Objevte nezapomenuteln\u00e9 okruhy v Maghrebu: dobrodru\u017estv\u00ed, kultura a ohromuj\u00edc\u00ed krajina Maghreb, zem\u011b kontrast\u016f a z\u00e1zrak\u016f, v\u00e1s zve k jedine\u010dn\u00e9mu z\u00e1\u017eitku prost\u0159ednictv\u00edm autentick\u00fdch a nezapomenuteln\u00fdch okruh\u016f. A\u0165 u\u017e jste milovn\u00edkem historie, dobrodruhem tou\u017e\u00edc\u00edm po pou\u0161ti nebo hled\u00e1te [&hellip;]\" \/>\n<meta property=\"og:url\" content=\"https:\/\/fatamorganavoyages.com\/fr\/nos-tours\/\" \/>\n<meta property=\"og:site_name\" content=\"Mon site\" \/>\n<meta property=\"article:modified_time\" content=\"2025-07-09T21:49:59+00:00\" \/>\n<meta property=\"og:image\" content=\"https:\/\/fatamorganavoyages.com\/wp-content\/uploads\/2025\/01\/cropped-Blue_Waves_Surfing_Club_Logo__1_-removebg-preview-2.png\" \/>\n\t<meta property=\"og:image:width\" content=\"334\" \/>\n\t<meta property=\"og:image:height\" content=\"212\" \/>\n\t<meta property=\"og:image:type\" content=\"image\/png\" \/>\n<meta name=\"twitter:card\" content=\"summary_large_image\" \/>\n<meta name=\"twitter:label1\" content=\"Dur\u00e9e de lecture estim\u00e9e\" \/>\n\t<meta name=\"twitter:data1\" content=\"2 minutes\" \/>\n<script type=\"application\/ld+json\" class=\"yoast-schema-graph\">{\"@context\":\"https:\\\/\\\/schema.org\",\"@graph\":[{\"@type\":\"WebPage\",\"@id\":\"https:\\\/\\\/fatamorganavoyages.com\\\/nos-tours\\\/\",\"url\":\"https:\\\/\\\/fatamorganavoyages.com\\\/nos-tours\\\/\",\"name\":\"Nos Tours - Mon site\",\"isPartOf\":{\"@id\":\"https:\\\/\\\/fatamorganavoyages.com\\\/#website\"},\"primaryImageOfPage\":{\"@id\":\"https:\\\/\\\/fatamorganavoyages.com\\\/nos-tours\\\/#primaryimage\"},\"image\":{\"@id\":\"https:\\\/\\\/fatamorganavoyages.com\\\/nos-tours\\\/#primaryimage\"},\"thumbnailUrl\":\"https:\\\/\\\/fatamorganavoyages.com\\\/wp-content\\\/uploads\\\/2025\\\/01\\\/cropped-Blue_Waves_Surfing_Club_Logo__1_-removebg-preview-2.png\",\"datePublished\":\"2025-02-03T15:16:58+00:00\",\"dateModified\":\"2025-07-09T21:49:59+00:00\",\"breadcrumb\":{\"@id\":\"https:\\\/\\\/fatamorganavoyages.com\\\/nos-tours\\\/#breadcrumb\"},\"inLanguage\":\"fr-FR\",\"potentialAction\":[{\"@type\":\"ReadAction\",\"target\":[\"https:\\\/\\\/fatamorganavoyages.com\\\/nos-tours\\\/\"]}]},{\"@type\":\"ImageObject\",\"inLanguage\":\"fr-FR\",\"@id\":\"https:\\\/\\\/fatamorganavoyages.com\\\/nos-tours\\\/#primaryimage\",\"url\":\"https:\\\/\\\/fatamorganavoyages.com\\\/wp-content\\\/uploads\\\/2025\\\/01\\\/cropped-Blue_Waves_Surfing_Club_Logo__1_-removebg-preview-2.png\",\"contentUrl\":\"https:\\\/\\\/fatamorganavoyages.com\\\/wp-content\\\/uploads\\\/2025\\\/01\\\/cropped-Blue_Waves_Surfing_Club_Logo__1_-removebg-preview-2.png\"},{\"@type\":\"BreadcrumbList\",\"@id\":\"https:\\\/\\\/fatamorganavoyages.com\\\/nos-tours\\\/#breadcrumb\",\"itemListElement\":[{\"@type\":\"ListItem\",\"position\":1,\"name\":\"Home\",\"item\":\"https:\\\/\\\/fatamorganavoyages.com\\\/\"},{\"@type\":\"ListItem\",\"position\":2,\"name\":\"Nos Tours\"}]},{\"@type\":\"WebSite\",\"@id\":\"https:\\\/\\\/fatamorganavoyages.com\\\/#website\",\"url\":\"https:\\\/\\\/fatamorganavoyages.com\\\/\",\"name\":\"Mon site\",\"description\":\"Mon site WordPress\",\"publisher\":{\"@id\":\"https:\\\/\\\/fatamorganavoyages.com\\\/#organization\"},\"potentialAction\":[{\"@type\":\"SearchAction\",\"target\":{\"@type\":\"EntryPoint\",\"urlTemplate\":\"https:\\\/\\\/fatamorganavoyages.com\\\/?s={search_term_string}\"},\"query-input\":{\"@type\":\"PropertyValueSpecification\",\"valueRequired\":true,\"valueName\":\"search_term_string\"}}],\"inLanguage\":\"fr-FR\"},{\"@type\":\"Organization\",\"@id\":\"https:\\\/\\\/fatamorganavoyages.com\\\/#organization\",\"name\":\"Mon site\",\"url\":\"https:\\\/\\\/fatamorganavoyages.com\\\/\",\"logo\":{\"@type\":\"ImageObject\",\"inLanguage\":\"fr-FR\",\"@id\":\"https:\\\/\\\/fatamorganavoyages.com\\\/#\\\/schema\\\/logo\\\/image\\\/\",\"url\":\"https:\\\/\\\/fatamorganavoyages.com\\\/wp-content\\\/uploads\\\/2025\\\/01\\\/cropped-cropped-cropped-Design-sans-titre-12-1-3.png\",\"contentUrl\":\"https:\\\/\\\/fatamorganavoyages.com\\\/wp-content\\\/uploads\\\/2025\\\/01\\\/cropped-cropped-cropped-Design-sans-titre-12-1-3.png\",\"width\":220,\"height\":155,\"caption\":\"Mon site\"},\"image\":{\"@id\":\"https:\\\/\\\/fatamorganavoyages.com\\\/#\\\/schema\\\/logo\\\/image\\\/\"}}]}<\/script>\n<!-- \/ Yoast SEO plugin. -->","yoast_head_json":{"title":"Nos Tours - Mon site","robots":{"index":"index","follow":"follow","max-snippet":"max-snippet:-1","max-image-preview":"max-image-preview:large","max-video-preview":"max-video-preview:-1"},"canonical":"https:\/\/fatamorganavoyages.com\/fr\/nos-tours\/","og_locale":"fr_FR","og_type":"article","og_title":"Nos Tours - Mon site","og_description":"Na\u0161e okruhy P\u0159ipravujeme dal\u0161\u00ed nezapomenuteln\u00e9 okruhy, kter\u00e9 v\u00e1m brzy p\u0159edstav\u00edme. Z\u016fsta\u0148te s n\u00e1mi! P\u0159ihl\u00e1sit se Nejlep\u0161\u00ed okruhy Na\u0161e okruhy Objevte nezapomenuteln\u00e9 okruhy v Maghrebu: dobrodru\u017estv\u00ed, kultura a ohromuj\u00edc\u00ed krajina Maghreb, zem\u011b kontrast\u016f a z\u00e1zrak\u016f, v\u00e1s zve k jedine\u010dn\u00e9mu z\u00e1\u017eitku prost\u0159ednictv\u00edm autentick\u00fdch a nezapomenuteln\u00fdch okruh\u016f. A\u0165 u\u017e jste milovn\u00edkem historie, dobrodruhem tou\u017e\u00edc\u00edm po pou\u0161ti nebo hled\u00e1te [&hellip;]","og_url":"https:\/\/fatamorganavoyages.com\/fr\/nos-tours\/","og_site_name":"Mon site","article_modified_time":"2025-07-09T21:49:59+00:00","og_image":[{"width":334,"height":212,"url":"https:\/\/fatamorganavoyages.com\/wp-content\/uploads\/2025\/01\/cropped-Blue_Waves_Surfing_Club_Logo__1_-removebg-preview-2.png","type":"image\/png"}],"twitter_card":"summary_large_image","twitter_misc":{"Dur\u00e9e de lecture estim\u00e9e":"2 minutes"},"schema":{"@context":"https:\/\/schema.org","@graph":[{"@type":"WebPage","@id":"https:\/\/fatamorganavoyages.com\/nos-tours\/","url":"https:\/\/fatamorganavoyages.com\/nos-tours\/","name":"Nos Tours - Mon site","isPartOf":{"@id":"https:\/\/fatamorganavoyages.com\/#website"},"primaryImageOfPage":{"@id":"https:\/\/fatamorganavoyages.com\/nos-tours\/#primaryimage"},"image":{"@id":"https:\/\/fatamorganavoyages.com\/nos-tours\/#primaryimage"},"thumbnailUrl":"https:\/\/fatamorganavoyages.com\/wp-content\/uploads\/2025\/01\/cropped-Blue_Waves_Surfing_Club_Logo__1_-removebg-preview-2.png","datePublished":"2025-02-03T15:16:58+00:00","dateModified":"2025-07-09T21:49:59+00:00","breadcrumb":{"@id":"https:\/\/fatamorganavoyages.com\/nos-tours\/#breadcrumb"},"inLanguage":"fr-FR","potentialAction":[{"@type":"ReadAction","target":["https:\/\/fatamorganavoyages.com\/nos-tours\/"]}]},{"@type":"ImageObject","inLanguage":"fr-FR","@id":"https:\/\/fatamorganavoyages.com\/nos-tours\/#primaryimage","url":"https:\/\/fatamorganavoyages.com\/wp-content\/uploads\/2025\/01\/cropped-Blue_Waves_Surfing_Club_Logo__1_-removebg-preview-2.png","contentUrl":"https:\/\/fatamorganavoyages.com\/wp-content\/uploads\/2025\/01\/cropped-Blue_Waves_Surfing_Club_Logo__1_-removebg-preview-2.png"},{"@type":"BreadcrumbList","@id":"https:\/\/fatamorganavoyages.com\/nos-tours\/#breadcrumb","itemListElement":[{"@type":"ListItem","position":1,"name":"Home","item":"https:\/\/fatamorganavoyages.com\/"},{"@type":"ListItem","position":2,"name":"Nos Tours"}]},{"@type":"WebSite","@id":"https:\/\/fatamorganavoyages.com\/#website","url":"https:\/\/fatamorganavoyages.com\/","name":"Mon site","description":"Mon site WordPress","publisher":{"@id":"https:\/\/fatamorganavoyages.com\/#organization"},"potentialAction":[{"@type":"SearchAction","target":{"@type":"EntryPoint","urlTemplate":"https:\/\/fatamorganavoyages.com\/?s={search_term_string}"},"query-input":{"@type":"PropertyValueSpecification","valueRequired":true,"valueName":"search_term_string"}}],"inLanguage":"fr-FR"},{"@type":"Organization","@id":"https:\/\/fatamorganavoyages.com\/#organization","name":"Mon site","url":"https:\/\/fatamorganavoyages.com\/","logo":{"@type":"ImageObject","inLanguage":"fr-FR","@id":"https:\/\/fatamorganavoyages.com\/#\/schema\/logo\/image\/","url":"https:\/\/fatamorganavoyages.com\/wp-content\/uploads\/2025\/01\/cropped-cropped-cropped-Design-sans-titre-12-1-3.png","contentUrl":"https:\/\/fatamorganavoyages.com\/wp-content\/uploads\/2025\/01\/cropped-cropped-cropped-Design-sans-titre-12-1-3.png","width":220,"height":155,"caption":"Mon site"},"image":{"@id":"https:\/\/fatamorganavoyages.com\/#\/schema\/logo\/image\/"}}]}},"_links":{"self":[{"href":"https:\/\/fatamorganavoyages.com\/fr\/wp-json\/wp\/v2\/pages\/10339","targetHints":{"allow":["GET"]}}],"collection":[{"href":"https:\/\/fatamorganavoyages.com\/fr\/wp-json\/wp\/v2\/pages"}],"about":[{"href":"https:\/\/fatamorganavoyages.com\/fr\/wp-json\/wp\/v2\/types\/page"}],"author":[{"embeddable":true,"href":"https:\/\/fatamorganavoyages.com\/fr\/wp-json\/wp\/v2\/users\/1"}],"replies":[{"embeddable":true,"href":"https:\/\/fatamorganavoyages.com\/fr\/wp-json\/wp\/v2\/comments?post=10339"}],"version-history":[{"count":28,"href":"https:\/\/fatamorganavoyages.com\/fr\/wp-json\/wp\/v2\/pages\/10339\/revisions"}],"predecessor-version":[{"id":11582,"href":"https:\/\/fatamorganavoyages.com\/fr\/wp-json\/wp\/v2\/pages\/10339\/revisions\/11582"}],"wp:attachment":[{"href":"https:\/\/fatamorganavoyages.com\/fr\/wp-json\/wp\/v2\/media?parent=10339"}],"curies":[{"name":"wp","href":"https:\/\/api.w.org\/{rel}","templated":true}]}}