{"id":10354,"date":"2025-02-03T17:06:34","date_gmt":"2025-02-03T16:06:34","guid":{"rendered":"https:\/\/fatamorganavoyages.com\/?page_id=10354"},"modified":"2025-03-20T00:09:24","modified_gmt":"2025-03-19T23:09:24","slug":"kdo-jsme","status":"publish","type":"page","link":"https:\/\/fatamorganavoyages.com\/fr\/kdo-jsme\/","title":{"rendered":"Kdo jsme"},"content":{"rendered":"<div data-elementor-type=\"wp-page\" data-elementor-id=\"10354\" class=\"elementor elementor-10354\">\n\t\t\t\t\t\t<section class=\"elementor-section elementor-top-section elementor-element elementor-element-6a851164 elementor-section-boxed elementor-section-height-default elementor-section-height-default\" data-id=\"6a851164\" data-element_type=\"section\">\n\t\t\t\t\t\t<div class=\"elementor-container elementor-column-gap-default\">\n\t\t\t\t\t<div class=\"elementor-column elementor-col-100 elementor-top-column elementor-element elementor-element-6c3c081\" data-id=\"6c3c081\" data-element_type=\"column\">\n\t\t\t<div class=\"elementor-widget-wrap elementor-element-populated\">\n\t\t\t\t\t\t<section class=\"elementor-section elementor-inner-section elementor-element elementor-element-1b7df0fb elementor-section-boxed elementor-section-height-default elementor-section-height-default\" data-id=\"1b7df0fb\" data-element_type=\"section\">\n\t\t\t\t\t\t<div class=\"elementor-container elementor-column-gap-default\">\n\t\t\t\t\t<div class=\"elementor-column elementor-col-50 elementor-inner-column elementor-element elementor-element-35c3e9b0 overflow-hidden\" data-id=\"35c3e9b0\" data-element_type=\"column\" data-settings=\"{&quot;background_background&quot;:&quot;classic&quot;}\">\n\t\t\t<div class=\"elementor-widget-wrap\">\n\t\t\t\t\t\t\t<\/div>\n\t\t<\/div>\n\t\t\t\t<div class=\"elementor-column elementor-col-50 elementor-inner-column elementor-element elementor-element-33a50cdd\" data-id=\"33a50cdd\" data-element_type=\"column\" data-settings=\"{&quot;background_background&quot;:&quot;classic&quot;}\">\n\t\t\t<div class=\"elementor-widget-wrap elementor-element-populated\">\n\t\t\t\t\t\t<div class=\"elementor-element elementor-element-4edd2a4e elementor-widget elementor-widget-heading\" data-id=\"4edd2a4e\" data-element_type=\"widget\" data-widget_type=\"heading.default\">\n\t\t\t\t<div class=\"elementor-widget-container\">\n\t\t\t\t\t<h2 class=\"elementor-heading-title elementor-size-default\">Kdo jsme!<\/h2>\t\t\t\t<\/div>\n\t\t\t\t<\/div>\n\t\t\t\t<div class=\"elementor-element elementor-element-4ed524b6 elementor-widget__width-initial elementor-widget elementor-widget-heading\" data-id=\"4ed524b6\" data-element_type=\"widget\" data-widget_type=\"heading.default\">\n\t\t\t\t<div class=\"elementor-widget-container\">\n\t\t\t\t\t<p class=\"elementor-heading-title elementor-size-default\">Jsme incomingov\u00e1 licencovan\u00e1 cestovn\u00ed kancel\u00e1\u0159 (licence A), zam\u011b\u0159uj\u00edc\u00ed se na organizaci a prov\u00e1zen\u00ed v\u00fdlet\u016f po Djerb\u011b a ji\u017en\u00edm Tunisku, a z\u00e1rove\u0148 na pozn\u00e1vac\u00ed z\u00e1jezdy po severn\u00ed Africe. N\u00e1\u0161 \u010desko-francouzsk\u00fd t\u00fdm se specializuje na pr\u016fvodcov\u00e1n\u00ed po severn\u00ed Africe ji\u017e 25 let. Zakl\u00e1d\u00e1me si na kvalitn\u00edch slu\u017eb\u00e1ch, komfortu a bezpe\u010dnosti b\u011bhem v\u00fdlet\u016f, aby va\u0161e cesta za pozn\u00e1v\u00e1n\u00edm regionu a jeho historie a kultury byla nezapomenuteln\u00fdm z\u00e1\u017eitkem.<\/p>\t\t\t\t<\/div>\n\t\t\t\t<\/div>\n\t\t\t\t\t<\/div>\n\t\t<\/div>\n\t\t\t\t\t<\/div>\n\t\t<\/section>\n\t\t\t\t\t<\/div>\n\t\t<\/div>\n\t\t\t\t\t<\/div>\n\t\t<\/section>\n\t\t<div class=\"elementor-element elementor-element-512c266a e-flex e-con-boxed e-con e-parent\" data-id=\"512c266a\" data-element_type=\"container\" data-settings=\"{&quot;background_background&quot;:&quot;classic&quot;}\">\n\t\t\t\t\t<div class=\"e-con-inner\">\n\t\t\t\t<div class=\"elementor-element elementor-element-38bd93d0 elementor-widget__width-initial elementor-widget-mobile__width-inherit elementor-view-default elementor-mobile-position-top elementor-vertical-align-top elementor-widget elementor-widget-icon-box\" data-id=\"38bd93d0\" data-element_type=\"widget\" data-widget_type=\"icon-box.default\">\n\t\t\t\t<div class=\"elementor-widget-container\">\n\t\t\t\t\t            <div class=\"elementor-icon-box-wrapper\">\r\n                                                        <div class=\"elementor-icon-box-icon\">\r\n                        <span class=\"elementor-icon elementor-animation-\" >\r\n                        <svg xmlns=\"http:\/\/www.w3.org\/2000\/svg\" width=\"50\" height=\"40\" viewbox=\"0 0 50 40\" fill=\"none\"><path d=\"M48.0769 0.833374H1.92308C1.41305 0.833374 0.923903 1.03598 0.563256 1.39663C0.202609 1.75728 0 2.24642 0 2.75645V35.4488C0 36.4688 0.405218 37.4471 1.12651 38.1684C1.84781 38.8897 2.82609 39.2949 3.84615 39.2949H46.1538C47.1739 39.2949 48.1522 38.8897 48.8735 38.1684C49.5948 37.4471 50 36.4688 50 35.4488V2.75645C50 2.24642 49.7974 1.75728 49.4367 1.39663C49.0761 1.03598 48.587 0.833374 48.0769 0.833374ZM27.9087 18.6218L25 21.2901L6.875 4.67953H43.125L27.9087 18.6218ZM17.9567 20.0641L3.84615 32.9968V7.13145L17.9567 20.0641ZM20.7933 22.6843L23.7019 25.3286C24.0564 25.6529 24.5195 25.8328 25 25.8328C25.4805 25.8328 25.9436 25.6529 26.2981 25.3286L29.2067 22.6843L43.125 35.4488H6.875L20.7933 22.6843ZM32.0433 20.0641L46.1538 7.13145V32.9968L32.0433 20.0641Z\" fill=\"white\"><\/path><\/svg>                        <\/span>\r\n                    <\/div>\r\n                                                    <div class=\"elementor-icon-box-content\">\r\n                                       <h3 class=\"elementor-icon-box-title\">\r\n                        <span   style=\"display:block;\">\r\n\r\n                         P\u0159ihlaste se k odb\u011bru na\u0161eho newsletteru                        <\/span>\r\n                    <\/h3>\r\n                                            <p class=\"elementor-icon-box-description\">\r\n                            P\u0159ihlaste se k odb\u011bru na\u0161eho newsletteru a z\u00edskejte na\u0161e nejnov\u011bj\u0161\u00ed zpr\u00e1vy a exkluzivn\u00ed nab\u00eddky!                        <\/p>\r\n                                    <\/div>\r\n            <\/div>\r\n            \t\t\t\t<\/div>\n\t\t\t\t<\/div>\n\t\t\t\t<div class=\"elementor-element elementor-element-6df163 elementor-widget__width-initial elementor-widget-mobile__width-inherit elementor-widget elementor-widget-st-subscribe-form\" data-id=\"6df163\" data-element_type=\"widget\" data-widget_type=\"st-subscribe-form.default\">\n\t\t\t\t<div class=\"elementor-widget-container\">\n\t\t\t\t\t<div class=\"stt-subscribe-form-wrapper stt-subscribe-form-style-2 relative\">\r\n    <form class=\"traveler-form form-action\" data-validation-id=\"6df163\" id=\"form-subscribe-6df163\" method=\"post\" action=\"\">\r\n\r\n        <div class=\"form-row g-0\">\r\n            <div class=\"control-group\">\r\n                                <input class=\"form-input\" placeholder=\"\" type=\"email\" name=\"EMAIL\" id=\"EMAIL-6df163\">\r\n            <\/div>\r\n            <button type=\"submit\" class=\"submit\">\r\n                <span class=\"button-text\">V\u00e1\u0161 email<\/span>            <\/button>\r\n        <\/div>\r\n        <div class=\"form-message mt-4\"><\/div>\r\n        <input type=\"hidden\" name=\"api_key\" class=\"api_key\" value=\"\" disabled>\r\n        <input type=\"hidden\" name=\"id_list_mailchimp\" class=\"id_list_mailchimp\" value=\"\" disabled>\r\n        <input type=\"hidden\" name=\"status\" class=\"status_email\" value=\"subscribed\" disabled>\r\n\r\n    <input type=\"hidden\" name=\"trp-form-language\" value=\"fr\"\/><\/form>\r\n<\/div>\r\n\t\t\t\t<\/div>\n\t\t\t\t<\/div>\n\t\t\t\t\t<\/div>\n\t\t\t\t<\/div>\n\t\t\t\t<\/div>","protected":false},"excerpt":{"rendered":"<p>Kdo jsme! Jsme incomingov\u00e1 licencovan\u00e1 cestovn\u00ed kancel\u00e1\u0159 (licence A), zam\u011b\u0159uj\u00edc\u00ed se na organizaci a prov\u00e1zen\u00ed v\u00fdlet\u016f po Djerb\u011b a ji\u017en\u00edm Tunisku, a z\u00e1rove\u0148 na pozn\u00e1vac\u00ed z\u00e1jezdy po severn\u00ed Africe. N\u00e1\u0161 \u010desko-francouzsk\u00fd t\u00fdm se specializuje na pr\u016fvodcov\u00e1n\u00ed po severn\u00ed Africe ji\u017e 25 let. Zakl\u00e1d\u00e1me si na kvalitn\u00edch slu\u017eb\u00e1ch, komfortu a bezpe\u010dnosti b\u011bhem v\u00fdlet\u016f, aby va\u0161e cesta [&hellip;]<\/p>","protected":false},"author":1,"featured_media":0,"parent":0,"menu_order":0,"comment_status":"closed","ping_status":"closed","template":"elementor_header_footer","meta":{"footnotes":""},"class_list":["post-10354","page","type-page","status-publish","has-post-thumbnail","hentry"],"yoast_head":"<!-- This site is optimized with the Yoast SEO plugin v27.5 - https:\/\/yoast.com\/product\/yoast-seo-wordpress\/ -->\n<title>Kdo jsme - Mon site<\/title>\n<meta name=\"robots\" content=\"index, follow, max-snippet:-1, max-image-preview:large, max-video-preview:-1\" \/>\n<link rel=\"canonical\" href=\"https:\/\/fatamorganavoyages.com\/fr\/kdo-jsme\/\" \/>\n<meta property=\"og:locale\" content=\"fr_FR\" \/>\n<meta property=\"og:type\" content=\"article\" \/>\n<meta property=\"og:title\" content=\"Kdo jsme - Mon site\" \/>\n<meta property=\"og:description\" content=\"Kdo jsme! Jsme incomingov\u00e1 licencovan\u00e1 cestovn\u00ed kancel\u00e1\u0159 (licence A), zam\u011b\u0159uj\u00edc\u00ed se na organizaci a prov\u00e1zen\u00ed v\u00fdlet\u016f po Djerb\u011b a ji\u017en\u00edm Tunisku, a z\u00e1rove\u0148 na pozn\u00e1vac\u00ed z\u00e1jezdy po severn\u00ed Africe. N\u00e1\u0161 \u010desko-francouzsk\u00fd t\u00fdm se specializuje na pr\u016fvodcov\u00e1n\u00ed po severn\u00ed Africe ji\u017e 25 let. Zakl\u00e1d\u00e1me si na kvalitn\u00edch slu\u017eb\u00e1ch, komfortu a bezpe\u010dnosti b\u011bhem v\u00fdlet\u016f, aby va\u0161e cesta [&hellip;]\" \/>\n<meta property=\"og:url\" content=\"https:\/\/fatamorganavoyages.com\/fr\/kdo-jsme\/\" \/>\n<meta property=\"og:site_name\" content=\"Mon site\" \/>\n<meta property=\"article:modified_time\" content=\"2025-03-19T23:09:24+00:00\" \/>\n<meta name=\"twitter:card\" content=\"summary_large_image\" \/>\n<meta name=\"twitter:label1\" content=\"Dur\u00e9e de lecture estim\u00e9e\" \/>\n\t<meta name=\"twitter:data1\" content=\"1 minute\" \/>\n<script type=\"application\/ld+json\" class=\"yoast-schema-graph\">{\"@context\":\"https:\\\/\\\/schema.org\",\"@graph\":[{\"@type\":\"WebPage\",\"@id\":\"https:\\\/\\\/fatamorganavoyages.com\\\/kdo-jsme\\\/\",\"url\":\"https:\\\/\\\/fatamorganavoyages.com\\\/kdo-jsme\\\/\",\"name\":\"Kdo jsme - Mon site\",\"isPartOf\":{\"@id\":\"https:\\\/\\\/fatamorganavoyages.com\\\/#website\"},\"datePublished\":\"2025-02-03T16:06:34+00:00\",\"dateModified\":\"2025-03-19T23:09:24+00:00\",\"breadcrumb\":{\"@id\":\"https:\\\/\\\/fatamorganavoyages.com\\\/kdo-jsme\\\/#breadcrumb\"},\"inLanguage\":\"fr-FR\",\"potentialAction\":[{\"@type\":\"ReadAction\",\"target\":[\"https:\\\/\\\/fatamorganavoyages.com\\\/kdo-jsme\\\/\"]}]},{\"@type\":\"BreadcrumbList\",\"@id\":\"https:\\\/\\\/fatamorganavoyages.com\\\/kdo-jsme\\\/#breadcrumb\",\"itemListElement\":[{\"@type\":\"ListItem\",\"position\":1,\"name\":\"Home\",\"item\":\"https:\\\/\\\/fatamorganavoyages.com\\\/\"},{\"@type\":\"ListItem\",\"position\":2,\"name\":\"Kdo jsme\"}]},{\"@type\":\"WebSite\",\"@id\":\"https:\\\/\\\/fatamorganavoyages.com\\\/#website\",\"url\":\"https:\\\/\\\/fatamorganavoyages.com\\\/\",\"name\":\"Mon site\",\"description\":\"Mon site WordPress\",\"publisher\":{\"@id\":\"https:\\\/\\\/fatamorganavoyages.com\\\/#organization\"},\"potentialAction\":[{\"@type\":\"SearchAction\",\"target\":{\"@type\":\"EntryPoint\",\"urlTemplate\":\"https:\\\/\\\/fatamorganavoyages.com\\\/?s={search_term_string}\"},\"query-input\":{\"@type\":\"PropertyValueSpecification\",\"valueRequired\":true,\"valueName\":\"search_term_string\"}}],\"inLanguage\":\"fr-FR\"},{\"@type\":\"Organization\",\"@id\":\"https:\\\/\\\/fatamorganavoyages.com\\\/#organization\",\"name\":\"Mon site\",\"url\":\"https:\\\/\\\/fatamorganavoyages.com\\\/\",\"logo\":{\"@type\":\"ImageObject\",\"inLanguage\":\"fr-FR\",\"@id\":\"https:\\\/\\\/fatamorganavoyages.com\\\/#\\\/schema\\\/logo\\\/image\\\/\",\"url\":\"https:\\\/\\\/fatamorganavoyages.com\\\/wp-content\\\/uploads\\\/2025\\\/01\\\/cropped-cropped-cropped-Design-sans-titre-12-1-3.png\",\"contentUrl\":\"https:\\\/\\\/fatamorganavoyages.com\\\/wp-content\\\/uploads\\\/2025\\\/01\\\/cropped-cropped-cropped-Design-sans-titre-12-1-3.png\",\"width\":220,\"height\":155,\"caption\":\"Mon site\"},\"image\":{\"@id\":\"https:\\\/\\\/fatamorganavoyages.com\\\/#\\\/schema\\\/logo\\\/image\\\/\"}}]}<\/script>\n<!-- \/ Yoast SEO plugin. -->","yoast_head_json":{"title":"Kdo jsme - Mon site","robots":{"index":"index","follow":"follow","max-snippet":"max-snippet:-1","max-image-preview":"max-image-preview:large","max-video-preview":"max-video-preview:-1"},"canonical":"https:\/\/fatamorganavoyages.com\/fr\/kdo-jsme\/","og_locale":"fr_FR","og_type":"article","og_title":"Kdo jsme - Mon site","og_description":"Kdo jsme! Jsme incomingov\u00e1 licencovan\u00e1 cestovn\u00ed kancel\u00e1\u0159 (licence A), zam\u011b\u0159uj\u00edc\u00ed se na organizaci a prov\u00e1zen\u00ed v\u00fdlet\u016f po Djerb\u011b a ji\u017en\u00edm Tunisku, a z\u00e1rove\u0148 na pozn\u00e1vac\u00ed z\u00e1jezdy po severn\u00ed Africe. N\u00e1\u0161 \u010desko-francouzsk\u00fd t\u00fdm se specializuje na pr\u016fvodcov\u00e1n\u00ed po severn\u00ed Africe ji\u017e 25 let. Zakl\u00e1d\u00e1me si na kvalitn\u00edch slu\u017eb\u00e1ch, komfortu a bezpe\u010dnosti b\u011bhem v\u00fdlet\u016f, aby va\u0161e cesta [&hellip;]","og_url":"https:\/\/fatamorganavoyages.com\/fr\/kdo-jsme\/","og_site_name":"Mon site","article_modified_time":"2025-03-19T23:09:24+00:00","twitter_card":"summary_large_image","twitter_misc":{"Dur\u00e9e de lecture estim\u00e9e":"1 minute"},"schema":{"@context":"https:\/\/schema.org","@graph":[{"@type":"WebPage","@id":"https:\/\/fatamorganavoyages.com\/kdo-jsme\/","url":"https:\/\/fatamorganavoyages.com\/kdo-jsme\/","name":"Kdo jsme - Mon site","isPartOf":{"@id":"https:\/\/fatamorganavoyages.com\/#website"},"datePublished":"2025-02-03T16:06:34+00:00","dateModified":"2025-03-19T23:09:24+00:00","breadcrumb":{"@id":"https:\/\/fatamorganavoyages.com\/kdo-jsme\/#breadcrumb"},"inLanguage":"fr-FR","potentialAction":[{"@type":"ReadAction","target":["https:\/\/fatamorganavoyages.com\/kdo-jsme\/"]}]},{"@type":"BreadcrumbList","@id":"https:\/\/fatamorganavoyages.com\/kdo-jsme\/#breadcrumb","itemListElement":[{"@type":"ListItem","position":1,"name":"Home","item":"https:\/\/fatamorganavoyages.com\/"},{"@type":"ListItem","position":2,"name":"Kdo jsme"}]},{"@type":"WebSite","@id":"https:\/\/fatamorganavoyages.com\/#website","url":"https:\/\/fatamorganavoyages.com\/","name":"Mon site","description":"Mon site WordPress","publisher":{"@id":"https:\/\/fatamorganavoyages.com\/#organization"},"potentialAction":[{"@type":"SearchAction","target":{"@type":"EntryPoint","urlTemplate":"https:\/\/fatamorganavoyages.com\/?s={search_term_string}"},"query-input":{"@type":"PropertyValueSpecification","valueRequired":true,"valueName":"search_term_string"}}],"inLanguage":"fr-FR"},{"@type":"Organization","@id":"https:\/\/fatamorganavoyages.com\/#organization","name":"Mon site","url":"https:\/\/fatamorganavoyages.com\/","logo":{"@type":"ImageObject","inLanguage":"fr-FR","@id":"https:\/\/fatamorganavoyages.com\/#\/schema\/logo\/image\/","url":"https:\/\/fatamorganavoyages.com\/wp-content\/uploads\/2025\/01\/cropped-cropped-cropped-Design-sans-titre-12-1-3.png","contentUrl":"https:\/\/fatamorganavoyages.com\/wp-content\/uploads\/2025\/01\/cropped-cropped-cropped-Design-sans-titre-12-1-3.png","width":220,"height":155,"caption":"Mon site"},"image":{"@id":"https:\/\/fatamorganavoyages.com\/#\/schema\/logo\/image\/"}}]}},"_links":{"self":[{"href":"https:\/\/fatamorganavoyages.com\/fr\/wp-json\/wp\/v2\/pages\/10354","targetHints":{"allow":["GET"]}}],"collection":[{"href":"https:\/\/fatamorganavoyages.com\/fr\/wp-json\/wp\/v2\/pages"}],"about":[{"href":"https:\/\/fatamorganavoyages.com\/fr\/wp-json\/wp\/v2\/types\/page"}],"author":[{"embeddable":true,"href":"https:\/\/fatamorganavoyages.com\/fr\/wp-json\/wp\/v2\/users\/1"}],"replies":[{"embeddable":true,"href":"https:\/\/fatamorganavoyages.com\/fr\/wp-json\/wp\/v2\/comments?post=10354"}],"version-history":[{"count":20,"href":"https:\/\/fatamorganavoyages.com\/fr\/wp-json\/wp\/v2\/pages\/10354\/revisions"}],"predecessor-version":[{"id":11279,"href":"https:\/\/fatamorganavoyages.com\/fr\/wp-json\/wp\/v2\/pages\/10354\/revisions\/11279"}],"wp:attachment":[{"href":"https:\/\/fatamorganavoyages.com\/fr\/wp-json\/wp\/v2\/media?parent=10354"}],"curies":[{"name":"wp","href":"https:\/\/api.w.org\/{rel}","templated":true}]}}