{"id":7448,"date":"2018-11-21T15:15:00","date_gmt":"2018-11-21T15:15:00","guid":{"rendered":"http:\/\/travelerdata.wpengine.com\/?page_id=7448"},"modified":"2025-07-10T22:31:20","modified_gmt":"2025-07-10T21:31:20","slug":"footer-page-new","status":"publish","type":"page","link":"https:\/\/fatamorganavoyages.com\/fr\/footer-page-new\/","title":{"rendered":"Footer page new"},"content":{"rendered":"<div data-elementor-type=\"wp-page\" data-elementor-id=\"7448\" class=\"elementor elementor-7448\">\n\t\t\t\t\t\t<section class=\"elementor-section elementor-top-section elementor-element elementor-element-12a4b39 elementor-section-boxed elementor-section-height-default elementor-section-height-default\" data-id=\"12a4b39\" data-element_type=\"section\">\n\t\t\t\t\t\t<div class=\"elementor-container elementor-column-gap-default\">\n\t\t\t\t\t<div class=\"elementor-column elementor-col-33 elementor-top-column elementor-element elementor-element-356598ed\" data-id=\"356598ed\" data-element_type=\"column\">\n\t\t\t<div class=\"elementor-widget-wrap elementor-element-populated\">\n\t\t\t\t\t\t<div class=\"elementor-element elementor-element-79da4e5 elementor-widget elementor-widget-heading\" data-id=\"79da4e5\" data-element_type=\"widget\" data-widget_type=\"heading.default\">\n\t\t\t\t<div class=\"elementor-widget-container\">\n\t\t\t\t\t<h2 class=\"elementor-heading-title elementor-size-default\">Mohu v\u00e1m pomoci?<\/h2>\t\t\t\t<\/div>\n\t\t\t\t<\/div>\n\t\t\t\t<div class=\"elementor-element elementor-element-1bfe1aa1 elementor-widget-divider--view-line elementor-widget elementor-widget-divider\" data-id=\"1bfe1aa1\" data-element_type=\"widget\" data-widget_type=\"divider.default\">\n\t\t\t\t<div class=\"elementor-widget-container\">\n\t\t\t\t\t\t\t<div class=\"elementor-divider\">\n\t\t\t<span class=\"elementor-divider-separator\">\n\t\t\t\t\t\t<\/span>\n\t\t<\/div>\n\t\t\t\t\t\t<\/div>\n\t\t\t\t<\/div>\n\t\t\t\t<div class=\"elementor-element elementor-element-5fdd2be elementor-widget elementor-widget-heading\" data-id=\"5fdd2be\" data-element_type=\"widget\" data-widget_type=\"heading.default\">\n\t\t\t\t<div class=\"elementor-widget-container\">\n\t\t\t\t\t<h2 class=\"elementor-heading-title elementor-size-default\">Po\u0161lete n\u00e1m e-mail<\/h2>\t\t\t\t<\/div>\n\t\t\t\t<\/div>\n\t\t\t\t<section class=\"elementor-section elementor-inner-section elementor-element elementor-element-550b4625 elementor-section-boxed elementor-section-height-default elementor-section-height-default\" data-id=\"550b4625\" data-element_type=\"section\">\n\t\t\t\t\t\t<div class=\"elementor-container elementor-column-gap-default\">\n\t\t\t\t\t<div class=\"elementor-column elementor-col-100 elementor-inner-column elementor-element elementor-element-6af18e6\" data-id=\"6af18e6\" data-element_type=\"column\">\n\t\t\t<div class=\"elementor-widget-wrap elementor-element-populated\">\n\t\t\t\t\t\t<div class=\"elementor-element elementor-element-e7f0f2c elementor-widget elementor-widget-heading\" data-id=\"e7f0f2c\" data-element_type=\"widget\" data-widget_type=\"heading.default\">\n\t\t\t\t<div class=\"elementor-widget-container\">\n\t\t\t\t\t<h2 class=\"elementor-heading-title elementor-size-default\">Zavolejte n\u00e1m<\/h2>\t\t\t\t<\/div>\n\t\t\t\t<\/div>\n\t\t\t\t<div class=\"elementor-element elementor-element-83c84d4 elementor-widget elementor-widget-heading\" data-id=\"83c84d4\" data-element_type=\"widget\" data-widget_type=\"heading.default\">\n\t\t\t\t<div class=\"elementor-widget-container\">\n\t\t\t\t\t<h4 class=\"elementor-heading-title elementor-size-default\">+216 23 270 770 <\/h4>\t\t\t\t<\/div>\n\t\t\t\t<\/div>\n\t\t\t\t<div class=\"elementor-element elementor-element-324abb0 elementor-widget elementor-widget-heading\" data-id=\"324abb0\" data-element_type=\"widget\" data-widget_type=\"heading.default\">\n\t\t\t\t<div class=\"elementor-widget-container\">\n\t\t\t\t\t<h2 class=\"elementor-heading-title elementor-size-default\">Napi\u0161te n\u00e1m p\u0159es WhatsApp :<\/h2>\t\t\t\t<\/div>\n\t\t\t\t<\/div>\n\t\t\t\t<div class=\"elementor-element elementor-element-4f274bb7 elementor-widget elementor-widget-heading\" data-id=\"4f274bb7\" data-element_type=\"widget\" data-widget_type=\"heading.default\">\n\t\t\t\t<div class=\"elementor-widget-container\">\n\t\t\t\t\t<h4 class=\"elementor-heading-title elementor-size-default\">+420 703 959  441\u200b<\/h4>\t\t\t\t<\/div>\n\t\t\t\t<\/div>\n\t\t\t\t\t<\/div>\n\t\t<\/div>\n\t\t\t\t\t<\/div>\n\t\t<\/section>\n\t\t\t\t<section class=\"elementor-section elementor-inner-section elementor-element elementor-element-ea59237 elementor-section-boxed elementor-section-height-default elementor-section-height-default\" data-id=\"ea59237\" data-element_type=\"section\">\n\t\t\t\t\t\t<div class=\"elementor-container elementor-column-gap-default\">\n\t\t\t\t\t<div class=\"elementor-column elementor-col-50 elementor-inner-column elementor-element elementor-element-651bd57\" data-id=\"651bd57\" data-element_type=\"column\">\n\t\t\t<div class=\"elementor-widget-wrap elementor-element-populated\">\n\t\t\t\t\t\t<div class=\"elementor-element elementor-element-3b4167f elementor-widget elementor-widget-heading\" data-id=\"3b4167f\" data-element_type=\"widget\" data-widget_type=\"heading.default\">\n\t\t\t\t<div class=\"elementor-widget-container\">\n\t\t\t\t\t<h2 class=\"elementor-heading-title elementor-size-default\">Po\u0161lete n\u00e1m e-mail<\/h2>\t\t\t\t<\/div>\n\t\t\t\t<\/div>\n\t\t\t\t<div class=\"elementor-element elementor-element-a65bdff elementor-widget elementor-widget-heading\" data-id=\"a65bdff\" data-element_type=\"widget\" data-widget_type=\"heading.default\">\n\t\t\t\t<div class=\"elementor-widget-container\">\n\t\t\t\t\t<span class=\"elementor-heading-title elementor-size-default\">Kontakt.cz@fatamorganavoyages.com<\/span>\t\t\t\t<\/div>\n\t\t\t\t<\/div>\n\t\t\t\t\t<\/div>\n\t\t<\/div>\n\t\t\t\t<div class=\"elementor-column elementor-col-50 elementor-inner-column elementor-element elementor-element-a212519\" data-id=\"a212519\" data-element_type=\"column\">\n\t\t\t<div class=\"elementor-widget-wrap\">\n\t\t\t\t\t\t\t<\/div>\n\t\t<\/div>\n\t\t\t\t\t<\/div>\n\t\t<\/section>\n\t\t\t\t<section class=\"elementor-section elementor-inner-section elementor-element elementor-element-6b587e45 elementor-section-boxed elementor-section-height-default elementor-section-height-default\" data-id=\"6b587e45\" data-element_type=\"section\">\n\t\t\t\t\t\t<div class=\"elementor-container elementor-column-gap-default\">\n\t\t\t\t\t<div class=\"elementor-column elementor-col-100 elementor-inner-column elementor-element elementor-element-793a5344\" data-id=\"793a5344\" data-element_type=\"column\">\n\t\t\t<div class=\"elementor-widget-wrap elementor-element-populated\">\n\t\t\t\t\t\t<div class=\"elementor-element elementor-element-25e5f5b elementor-widget elementor-widget-heading\" data-id=\"25e5f5b\" data-element_type=\"widget\" data-widget_type=\"heading.default\">\n\t\t\t\t<div class=\"elementor-widget-container\">\n\t\t\t\t\t<span class=\"elementor-heading-title elementor-size-default\">Kontaktujte n\u00e1s p\u0159es messenger: Fata morgana&nbsp;voyages<\/span>\t\t\t\t<\/div>\n\t\t\t\t<\/div>\n\t\t\t\t<div class=\"elementor-element elementor-element-5f85a443 elementor-widget elementor-widget-heading\" data-id=\"5f85a443\" data-element_type=\"widget\" data-widget_type=\"heading.default\">\n\t\t\t\t<div class=\"elementor-widget-container\">\n\t\t\t\t\t<h2 class=\"elementor-heading-title elementor-size-default\">Sledujte n\u00e1s<\/h2>\t\t\t\t<\/div>\n\t\t\t\t<\/div>\n\t\t\t\t<div class=\"elementor-element elementor-element-aab5db elementor-shape-circle e-grid-align-left elementor-grid-0 elementor-widget elementor-widget-social-icons\" data-id=\"aab5db\" data-element_type=\"widget\" data-widget_type=\"social-icons.default\">\n\t\t\t\t<div class=\"elementor-widget-container\">\n\t\t\t\t\t\t\t<div class=\"elementor-social-icons-wrapper elementor-grid\" role=\"list\">\n\t\t\t\t\t\t\t<span class=\"elementor-grid-item\" role=\"listitem\">\n\t\t\t\t\t<a class=\"elementor-icon elementor-social-icon elementor-social-icon-whatsapp elementor-repeater-item-eb0a61c\" href=\"https:\/\/wa.me\/21623270770\" target=\"_blank\">\n\t\t\t\t\t\t<span class=\"elementor-screen-only\">Whatsapp<\/span>\n\t\t\t\t\t\t<svg aria-hidden=\"true\" class=\"e-font-icon-svg e-fab-whatsapp\" viewbox=\"0 0 448 512\" xmlns=\"http:\/\/www.w3.org\/2000\/svg\"><path d=\"M380.9 97.1C339 55.1 283.2 32 223.9 32c-122.4 0-222 99.6-222 222 0 39.1 10.2 77.3 29.6 111L0 480l117.7-30.9c32.4 17.7 68.9 27 106.1 27h.1c122.3 0 224.1-99.6 224.1-222 0-59.3-25.2-115-67.1-157zm-157 341.6c-33.2 0-65.7-8.9-94-25.7l-6.7-4-69.8 18.3L72 359.2l-4.4-7c-18.5-29.4-28.2-63.3-28.2-98.2 0-101.7 82.8-184.5 184.6-184.5 49.3 0 95.6 19.2 130.4 54.1 34.8 34.9 56.2 81.2 56.1 130.5 0 101.8-84.9 184.6-186.6 184.6zm101.2-138.2c-5.5-2.8-32.8-16.2-37.9-18-5.1-1.9-8.8-2.8-12.5 2.8-3.7 5.6-14.3 18-17.6 21.8-3.2 3.7-6.5 4.2-12 1.4-32.6-16.3-54-29.1-75.5-66-5.7-9.8 5.7-9.1 16.3-30.3 1.8-3.7.9-6.9-.5-9.7-1.4-2.8-12.5-30.1-17.1-41.2-4.5-10.8-9.1-9.3-12.5-9.5-3.2-.2-6.9-.2-10.6-.2-3.7 0-9.7 1.4-14.8 6.9-5.1 5.6-19.4 19-19.4 46.3 0 27.3 19.9 53.7 22.6 57.4 2.8 3.7 39.1 59.7 94.8 83.8 35.2 15.2 49 16.5 66.6 13.9 10.7-1.6 32.8-13.4 37.4-26.4 4.6-13 4.6-24.1 3.2-26.4-1.3-2.5-5-3.9-10.5-6.6z\"><\/path><\/svg>\t\t\t\t\t<\/a>\n\t\t\t\t<\/span>\n\t\t\t\t\t\t\t<span class=\"elementor-grid-item\" role=\"listitem\">\n\t\t\t\t\t<a class=\"elementor-icon elementor-social-icon elementor-social-icon-facebook elementor-repeater-item-c1b832d\" href=\"https:\/\/www.facebook.com\/profile.php?id=61572480976195&#038;locale=fr_FR\" target=\"_blank\">\n\t\t\t\t\t\t<span class=\"elementor-screen-only\">Facebook<\/span>\n\t\t\t\t\t\t<svg aria-hidden=\"true\" class=\"e-font-icon-svg e-fab-facebook\" viewbox=\"0 0 512 512\" xmlns=\"http:\/\/www.w3.org\/2000\/svg\"><path d=\"M504 256C504 119 393 8 256 8S8 119 8 256c0 123.78 90.69 226.38 209.25 245V327.69h-63V256h63v-54.64c0-62.15 37-96.48 93.67-96.48 27.14 0 55.52 4.84 55.52 4.84v61h-31.28c-30.8 0-40.41 19.12-40.41 38.73V256h68.78l-11 71.69h-57.78V501C413.31 482.38 504 379.78 504 256z\"><\/path><\/svg>\t\t\t\t\t<\/a>\n\t\t\t\t<\/span>\n\t\t\t\t\t\t\t<span class=\"elementor-grid-item\" role=\"listitem\">\n\t\t\t\t\t<a class=\"elementor-icon elementor-social-icon elementor-social-icon-instagram elementor-repeater-item-cd64565\" target=\"_blank\">\n\t\t\t\t\t\t<span class=\"elementor-screen-only\">Instagram<\/span>\n\t\t\t\t\t\t<svg aria-hidden=\"true\" class=\"e-font-icon-svg e-fab-instagram\" viewbox=\"0 0 448 512\" xmlns=\"http:\/\/www.w3.org\/2000\/svg\"><path d=\"M224.1 141c-63.6 0-114.9 51.3-114.9 114.9s51.3 114.9 114.9 114.9S339 319.5 339 255.9 287.7 141 224.1 141zm0 189.6c-41.1 0-74.7-33.5-74.7-74.7s33.5-74.7 74.7-74.7 74.7 33.5 74.7 74.7-33.6 74.7-74.7 74.7zm146.4-194.3c0 14.9-12 26.8-26.8 26.8-14.9 0-26.8-12-26.8-26.8s12-26.8 26.8-26.8 26.8 12 26.8 26.8zm76.1 27.2c-1.7-35.9-9.9-67.7-36.2-93.9-26.2-26.2-58-34.4-93.9-36.2-37-2.1-147.9-2.1-184.9 0-35.8 1.7-67.6 9.9-93.9 36.1s-34.4 58-36.2 93.9c-2.1 37-2.1 147.9 0 184.9 1.7 35.9 9.9 67.7 36.2 93.9s58 34.4 93.9 36.2c37 2.1 147.9 2.1 184.9 0 35.9-1.7 67.7-9.9 93.9-36.2 26.2-26.2 34.4-58 36.2-93.9 2.1-37 2.1-147.8 0-184.8zM398.8 388c-7.8 19.6-22.9 34.7-42.6 42.6-29.5 11.7-99.5 9-132.1 9s-102.7 2.6-132.1-9c-19.6-7.8-34.7-22.9-42.6-42.6-11.7-29.5-9-99.5-9-132.1s-2.6-102.7 9-132.1c7.8-19.6 22.9-34.7 42.6-42.6 29.5-11.7 99.5-9 132.1-9s102.7-2.6 132.1 9c19.6 7.8 34.7 22.9 42.6 42.6 11.7 29.5 9 99.5 9 132.1s2.7 102.7-9 132.1z\"><\/path><\/svg>\t\t\t\t\t<\/a>\n\t\t\t\t<\/span>\n\t\t\t\t\t<\/div>\n\t\t\t\t\t\t<\/div>\n\t\t\t\t<\/div>\n\t\t\t\t\t<\/div>\n\t\t<\/div>\n\t\t\t\t\t<\/div>\n\t\t<\/section>\n\t\t\t\t\t<\/div>\n\t\t<\/div>\n\t\t\t\t<div class=\"elementor-column elementor-col-33 elementor-top-column elementor-element elementor-element-181134c3\" data-id=\"181134c3\" data-element_type=\"column\">\n\t\t\t<div class=\"elementor-widget-wrap elementor-element-populated\">\n\t\t\t\t\t\t<div class=\"elementor-element elementor-element-4321a87f elementor-widget elementor-widget-heading\" data-id=\"4321a87f\" data-element_type=\"widget\" data-widget_type=\"heading.default\">\n\t\t\t\t<div class=\"elementor-widget-container\">\n\t\t\t\t\t<h2 class=\"elementor-heading-title elementor-size-default\">Na\u0161e str\u00e1nky<\/h2>\t\t\t\t<\/div>\n\t\t\t\t<\/div>\n\t\t\t\t<div class=\"elementor-element elementor-element-63bbae49 elementor-widget-divider--view-line elementor-widget elementor-widget-divider\" data-id=\"63bbae49\" data-element_type=\"widget\" data-widget_type=\"divider.default\">\n\t\t\t\t<div class=\"elementor-widget-container\">\n\t\t\t\t\t\t\t<div class=\"elementor-divider\">\n\t\t\t<span class=\"elementor-divider-separator\">\n\t\t\t\t\t\t<\/span>\n\t\t<\/div>\n\t\t\t\t\t\t<\/div>\n\t\t\t\t<\/div>\n\t\t\t\t<div class=\"elementor-element elementor-element-3b214b38 elementor-widget elementor-widget-heading\" data-id=\"3b214b38\" data-element_type=\"widget\" data-widget_type=\"heading.default\">\n\t\t\t\t<div class=\"elementor-widget-container\">\n\t\t\t\t\t<h2 class=\"elementor-heading-title elementor-size-default\"><a href=\"https:\/\/fatamorganavoyages.com\/fr\/\">Acceuil<\/a><\/h2>\t\t\t\t<\/div>\n\t\t\t\t<\/div>\n\t\t\t\t<div class=\"elementor-element elementor-element-3509191b elementor-widget elementor-widget-heading\" data-id=\"3509191b\" data-element_type=\"widget\" data-widget_type=\"heading.default\">\n\t\t\t\t<div class=\"elementor-widget-container\">\n\t\t\t\t\t<h2 class=\"elementor-heading-title elementor-size-default\"><a href=\"https:\/\/fatamorganavoyages.com\/fr\/nase-vylety\/\"> Na\u0161e v\u00fdlety <\/a><\/h2>\t\t\t\t<\/div>\n\t\t\t\t<\/div>\n\t\t\t\t<div class=\"elementor-element elementor-element-31d981ba elementor-widget elementor-widget-heading\" data-id=\"31d981ba\" data-element_type=\"widget\" data-widget_type=\"heading.default\">\n\t\t\t\t<div class=\"elementor-widget-container\">\n\t\t\t\t\t<h2 class=\"elementor-heading-title elementor-size-default\"><a href=\"https:\/\/fatamorganavoyages.com\/fr\/nos-tours\/\">Na\u0161e okruhy<\/a><\/h2>\t\t\t\t<\/div>\n\t\t\t\t<\/div>\n\t\t\t\t<div class=\"elementor-element elementor-element-14160c4b elementor-widget elementor-widget-heading\" data-id=\"14160c4b\" data-element_type=\"widget\" data-widget_type=\"heading.default\">\n\t\t\t\t<div class=\"elementor-widget-container\">\n\t\t\t\t\t<h2 class=\"elementor-heading-title elementor-size-default\"><a href=\"https:\/\/fatamorganavoyages.com\/fr\/kdo-jsme\/\"> Kdo jsme <\/a><\/h2>\t\t\t\t<\/div>\n\t\t\t\t<\/div>\n\t\t\t\t<div class=\"elementor-element elementor-element-3105b246 elementor-widget elementor-widget-heading\" data-id=\"3105b246\" data-element_type=\"widget\" data-widget_type=\"heading.default\">\n\t\t\t\t<div class=\"elementor-widget-container\">\n\t\t\t\t\t<h2 class=\"elementor-heading-title elementor-size-default\"><a href=\"https:\/\/fatamorganavoyages.com\/fr\/kontakt\/\">Kontakt<\/a><\/h2>\t\t\t\t<\/div>\n\t\t\t\t<\/div>\n\t\t\t\t\t<\/div>\n\t\t<\/div>\n\t\t\t\t<div class=\"elementor-column elementor-col-33 elementor-top-column elementor-element elementor-element-1e7ad2d8\" data-id=\"1e7ad2d8\" data-element_type=\"column\">\n\t\t\t<div class=\"elementor-widget-wrap elementor-element-populated\">\n\t\t\t\t\t\t<div class=\"elementor-element elementor-element-23875c2b elementor-widget elementor-widget-heading\" data-id=\"23875c2b\" data-element_type=\"widget\" data-widget_type=\"heading.default\">\n\t\t\t\t<div class=\"elementor-widget-container\">\n\t\t\t\t\t<h2 class=\"elementor-heading-title elementor-size-default\">Nastaven\u00ed<\/h2>\t\t\t\t<\/div>\n\t\t\t\t<\/div>\n\t\t\t\t<div class=\"elementor-element elementor-element-6477f18b elementor-widget elementor-widget-st_currency\" data-id=\"6477f18b\" data-element_type=\"widget\" data-settings=\"{&quot;layout_style&quot;:&quot;style-1&quot;}\" data-widget_type=\"st_currency.default\">\n\t\t\t\t<div class=\"elementor-widget-container\">\n\t\t\t\t\t<div class=\"st-currencies form-group  style-1\">\r\n    <label class=\"d-block f14 c-grey font-normal\">Currencies<\/label>\r\n    <select name=\"currency\" class=\"form-select f14 select2-currencies\">\r\n                        <option  selected='selected'                    value=\"EUR\"\r\n                    data-target=\"\/fr\/wp-json\/wp\/v2\/pages\/7448?currency=EUR\">\r\n                    EUR                <\/option>\r\n                            <option                     value=\"USD\"\r\n                    data-target=\"\/fr\/wp-json\/wp\/v2\/pages\/7448?currency=USD\">\r\n                    USD                <\/option>\r\n                <\/select>\r\n<\/div>\r\n\t\t\t\t<\/div>\n\t\t\t\t<\/div>\n\t\t\t\t<div class=\"elementor-element elementor-element-fb25093 elementor-widget-divider--view-line elementor-widget elementor-widget-divider\" data-id=\"fb25093\" data-element_type=\"widget\" data-widget_type=\"divider.default\">\n\t\t\t\t<div class=\"elementor-widget-container\">\n\t\t\t\t\t\t\t<div class=\"elementor-divider\">\n\t\t\t<span class=\"elementor-divider-separator\">\n\t\t\t\t\t\t<\/span>\n\t\t<\/div>\n\t\t\t\t\t\t<\/div>\n\t\t\t\t<\/div>\n\t\t\t\t\t<\/div>\n\t\t<\/div>\n\t\t\t\t\t<\/div>\n\t\t<\/section>\n\t\t\t\t<\/div>","protected":false},"excerpt":{"rendered":"<p>Mohu v\u00e1m pomoci? Po\u0161lete n\u00e1m e-mail Zavolejte n\u00e1m +216 23 270 770 Napi\u0161te n\u00e1m p\u0159es WhatsApp : +420 703 959 441\u200b Po\u0161lete n\u00e1m e-mail Kontakt.cz@fatamorganavoyages.com Kontaktujte n\u00e1s p\u0159es messenger: Fata morgana&nbsp;voyages Sledujte n\u00e1s Whatsapp Facebook Instagram Na\u0161e str\u00e1nky Dom\u016f Na\u0161e v\u00fdlety Na\u0161e okruhy Kdo jsme Kontakt Nastaven\u00ed M\u011bna EUR USD<\/p>","protected":false},"author":1,"featured_media":0,"parent":0,"menu_order":0,"comment_status":"closed","ping_status":"closed","template":"template-fullwidth.php","meta":{"footnotes":""},"class_list":["post-7448","page","type-page","status-publish","has-post-thumbnail","hentry"],"yoast_head":"<!-- This site is optimized with the Yoast SEO plugin v27.5 - https:\/\/yoast.com\/product\/yoast-seo-wordpress\/ -->\n<title>Footer page new - Mon site<\/title>\n<meta name=\"robots\" content=\"index, follow, max-snippet:-1, max-image-preview:large, max-video-preview:-1\" \/>\n<link rel=\"canonical\" href=\"https:\/\/fatamorganavoyages.com\/fr\/footer-page-new\/\" \/>\n<meta property=\"og:locale\" content=\"fr_FR\" \/>\n<meta property=\"og:type\" content=\"article\" \/>\n<meta property=\"og:title\" content=\"Footer page new - Mon site\" \/>\n<meta property=\"og:description\" content=\"Mohu v\u00e1m pomoci? Po\u0161lete n\u00e1m e-mail Zavolejte n\u00e1m +216 23 270 770 Napi\u0161te n\u00e1m p\u0159es WhatsApp : +420 703 959 441\u200b Po\u0161lete n\u00e1m e-mail Kontakt.cz@fatamorganavoyages.com Kontaktujte n\u00e1s p\u0159es messenger: Fata morgana&nbsp;voyages Sledujte n\u00e1s Whatsapp Facebook Instagram Na\u0161e str\u00e1nky Dom\u016f Na\u0161e v\u00fdlety Na\u0161e okruhy Kdo jsme Kontakt Nastaven\u00ed M\u011bna EUR USD\" \/>\n<meta property=\"og:url\" content=\"https:\/\/fatamorganavoyages.com\/fr\/footer-page-new\/\" \/>\n<meta property=\"og:site_name\" content=\"Mon site\" \/>\n<meta property=\"article:modified_time\" content=\"2025-07-10T21:31:20+00:00\" \/>\n<meta name=\"twitter:card\" content=\"summary_large_image\" \/>\n<meta name=\"twitter:label1\" content=\"Dur\u00e9e de lecture estim\u00e9e\" \/>\n\t<meta name=\"twitter:data1\" content=\"1 minute\" \/>\n<script type=\"application\/ld+json\" class=\"yoast-schema-graph\">{\"@context\":\"https:\\\/\\\/schema.org\",\"@graph\":[{\"@type\":\"WebPage\",\"@id\":\"https:\\\/\\\/fatamorganavoyages.com\\\/footer-page-new\\\/\",\"url\":\"https:\\\/\\\/fatamorganavoyages.com\\\/footer-page-new\\\/\",\"name\":\"Footer page new - Mon site\",\"isPartOf\":{\"@id\":\"https:\\\/\\\/fatamorganavoyages.com\\\/#website\"},\"datePublished\":\"2018-11-21T15:15:00+00:00\",\"dateModified\":\"2025-07-10T21:31:20+00:00\",\"breadcrumb\":{\"@id\":\"https:\\\/\\\/fatamorganavoyages.com\\\/footer-page-new\\\/#breadcrumb\"},\"inLanguage\":\"fr-FR\",\"potentialAction\":[{\"@type\":\"ReadAction\",\"target\":[\"https:\\\/\\\/fatamorganavoyages.com\\\/footer-page-new\\\/\"]}]},{\"@type\":\"BreadcrumbList\",\"@id\":\"https:\\\/\\\/fatamorganavoyages.com\\\/footer-page-new\\\/#breadcrumb\",\"itemListElement\":[{\"@type\":\"ListItem\",\"position\":1,\"name\":\"Home\",\"item\":\"https:\\\/\\\/fatamorganavoyages.com\\\/\"},{\"@type\":\"ListItem\",\"position\":2,\"name\":\"Footer page new\"}]},{\"@type\":\"WebSite\",\"@id\":\"https:\\\/\\\/fatamorganavoyages.com\\\/#website\",\"url\":\"https:\\\/\\\/fatamorganavoyages.com\\\/\",\"name\":\"Mon site\",\"description\":\"Mon site WordPress\",\"publisher\":{\"@id\":\"https:\\\/\\\/fatamorganavoyages.com\\\/#organization\"},\"potentialAction\":[{\"@type\":\"SearchAction\",\"target\":{\"@type\":\"EntryPoint\",\"urlTemplate\":\"https:\\\/\\\/fatamorganavoyages.com\\\/?s={search_term_string}\"},\"query-input\":{\"@type\":\"PropertyValueSpecification\",\"valueRequired\":true,\"valueName\":\"search_term_string\"}}],\"inLanguage\":\"fr-FR\"},{\"@type\":\"Organization\",\"@id\":\"https:\\\/\\\/fatamorganavoyages.com\\\/#organization\",\"name\":\"Mon site\",\"url\":\"https:\\\/\\\/fatamorganavoyages.com\\\/\",\"logo\":{\"@type\":\"ImageObject\",\"inLanguage\":\"fr-FR\",\"@id\":\"https:\\\/\\\/fatamorganavoyages.com\\\/#\\\/schema\\\/logo\\\/image\\\/\",\"url\":\"https:\\\/\\\/fatamorganavoyages.com\\\/wp-content\\\/uploads\\\/2025\\\/01\\\/cropped-cropped-cropped-Design-sans-titre-12-1-3.png\",\"contentUrl\":\"https:\\\/\\\/fatamorganavoyages.com\\\/wp-content\\\/uploads\\\/2025\\\/01\\\/cropped-cropped-cropped-Design-sans-titre-12-1-3.png\",\"width\":220,\"height\":155,\"caption\":\"Mon site\"},\"image\":{\"@id\":\"https:\\\/\\\/fatamorganavoyages.com\\\/#\\\/schema\\\/logo\\\/image\\\/\"}}]}<\/script>\n<!-- \/ Yoast SEO plugin. -->","yoast_head_json":{"title":"Footer page new - Mon site","robots":{"index":"index","follow":"follow","max-snippet":"max-snippet:-1","max-image-preview":"max-image-preview:large","max-video-preview":"max-video-preview:-1"},"canonical":"https:\/\/fatamorganavoyages.com\/fr\/footer-page-new\/","og_locale":"fr_FR","og_type":"article","og_title":"Footer page new - Mon site","og_description":"Mohu v\u00e1m pomoci? Po\u0161lete n\u00e1m e-mail Zavolejte n\u00e1m +216 23 270 770 Napi\u0161te n\u00e1m p\u0159es WhatsApp : +420 703 959 441\u200b Po\u0161lete n\u00e1m e-mail Kontakt.cz@fatamorganavoyages.com Kontaktujte n\u00e1s p\u0159es messenger: Fata morgana&nbsp;voyages Sledujte n\u00e1s Whatsapp Facebook Instagram Na\u0161e str\u00e1nky Dom\u016f Na\u0161e v\u00fdlety Na\u0161e okruhy Kdo jsme Kontakt Nastaven\u00ed M\u011bna EUR USD","og_url":"https:\/\/fatamorganavoyages.com\/fr\/footer-page-new\/","og_site_name":"Mon site","article_modified_time":"2025-07-10T21:31:20+00:00","twitter_card":"summary_large_image","twitter_misc":{"Dur\u00e9e de lecture estim\u00e9e":"1 minute"},"schema":{"@context":"https:\/\/schema.org","@graph":[{"@type":"WebPage","@id":"https:\/\/fatamorganavoyages.com\/footer-page-new\/","url":"https:\/\/fatamorganavoyages.com\/footer-page-new\/","name":"Footer page new - Mon site","isPartOf":{"@id":"https:\/\/fatamorganavoyages.com\/#website"},"datePublished":"2018-11-21T15:15:00+00:00","dateModified":"2025-07-10T21:31:20+00:00","breadcrumb":{"@id":"https:\/\/fatamorganavoyages.com\/footer-page-new\/#breadcrumb"},"inLanguage":"fr-FR","potentialAction":[{"@type":"ReadAction","target":["https:\/\/fatamorganavoyages.com\/footer-page-new\/"]}]},{"@type":"BreadcrumbList","@id":"https:\/\/fatamorganavoyages.com\/footer-page-new\/#breadcrumb","itemListElement":[{"@type":"ListItem","position":1,"name":"Home","item":"https:\/\/fatamorganavoyages.com\/"},{"@type":"ListItem","position":2,"name":"Footer page new"}]},{"@type":"WebSite","@id":"https:\/\/fatamorganavoyages.com\/#website","url":"https:\/\/fatamorganavoyages.com\/","name":"Mon site","description":"Mon site WordPress","publisher":{"@id":"https:\/\/fatamorganavoyages.com\/#organization"},"potentialAction":[{"@type":"SearchAction","target":{"@type":"EntryPoint","urlTemplate":"https:\/\/fatamorganavoyages.com\/?s={search_term_string}"},"query-input":{"@type":"PropertyValueSpecification","valueRequired":true,"valueName":"search_term_string"}}],"inLanguage":"fr-FR"},{"@type":"Organization","@id":"https:\/\/fatamorganavoyages.com\/#organization","name":"Mon site","url":"https:\/\/fatamorganavoyages.com\/","logo":{"@type":"ImageObject","inLanguage":"fr-FR","@id":"https:\/\/fatamorganavoyages.com\/#\/schema\/logo\/image\/","url":"https:\/\/fatamorganavoyages.com\/wp-content\/uploads\/2025\/01\/cropped-cropped-cropped-Design-sans-titre-12-1-3.png","contentUrl":"https:\/\/fatamorganavoyages.com\/wp-content\/uploads\/2025\/01\/cropped-cropped-cropped-Design-sans-titre-12-1-3.png","width":220,"height":155,"caption":"Mon site"},"image":{"@id":"https:\/\/fatamorganavoyages.com\/#\/schema\/logo\/image\/"}}]}},"_links":{"self":[{"href":"https:\/\/fatamorganavoyages.com\/fr\/wp-json\/wp\/v2\/pages\/7448","targetHints":{"allow":["GET"]}}],"collection":[{"href":"https:\/\/fatamorganavoyages.com\/fr\/wp-json\/wp\/v2\/pages"}],"about":[{"href":"https:\/\/fatamorganavoyages.com\/fr\/wp-json\/wp\/v2\/types\/page"}],"author":[{"embeddable":true,"href":"https:\/\/fatamorganavoyages.com\/fr\/wp-json\/wp\/v2\/users\/1"}],"replies":[{"embeddable":true,"href":"https:\/\/fatamorganavoyages.com\/fr\/wp-json\/wp\/v2\/comments?post=7448"}],"version-history":[{"count":42,"href":"https:\/\/fatamorganavoyages.com\/fr\/wp-json\/wp\/v2\/pages\/7448\/revisions"}],"predecessor-version":[{"id":11658,"href":"https:\/\/fatamorganavoyages.com\/fr\/wp-json\/wp\/v2\/pages\/7448\/revisions\/11658"}],"wp:attachment":[{"href":"https:\/\/fatamorganavoyages.com\/fr\/wp-json\/wp\/v2\/media?parent=7448"}],"curies":[{"name":"wp","href":"https:\/\/api.w.org\/{rel}","templated":true}]}}