{"id":8088,"date":"2018-12-10T04:55:29","date_gmt":"2018-12-10T04:55:29","guid":{"rendered":"http:\/\/travelhotel.wpengine.com\/?page_id=8088"},"modified":"2025-03-23T18:24:47","modified_gmt":"2025-03-23T17:24:47","slug":"kontakt","status":"publish","type":"page","link":"https:\/\/fatamorganavoyages.com\/fr\/kontakt\/","title":{"rendered":"Kontakt"},"content":{"rendered":"<div data-elementor-type=\"wp-page\" data-elementor-id=\"8088\" class=\"elementor elementor-8088\">\n\t\t\t\t\t\t<section class=\"elementor-section elementor-top-section elementor-element elementor-element-4b56ec43 elementor-section-boxed elementor-section-height-default elementor-section-height-default\" data-id=\"4b56ec43\" data-element_type=\"section\">\n\t\t\t\t\t\t<div class=\"elementor-container elementor-column-gap-default\">\n\t\t\t\t\t<div class=\"elementor-column elementor-col-50 elementor-top-column elementor-element elementor-element-539ad5f2\" data-id=\"539ad5f2\" data-element_type=\"column\">\n\t\t\t<div class=\"elementor-widget-wrap elementor-element-populated\">\n\t\t\t\t\t\t<div class=\"elementor-element elementor-element-6cd6029d elementor-widget elementor-widget-heading\" data-id=\"6cd6029d\" data-element_type=\"widget\" data-widget_type=\"heading.default\">\n\t\t\t\t<div class=\"elementor-widget-container\">\n\t\t\t\t\t<h2 class=\"elementor-heading-title elementor-size-default\">V\u00e1\u0161 n\u00e1zor je pro n\u00e1s d\u016fle\u017eit\u00fd!<\/h2>\t\t\t\t<\/div>\n\t\t\t\t<\/div>\n\t\t\t\t<div class=\"elementor-element elementor-element-2ebed4be elementor-widget elementor-widget-heading\" data-id=\"2ebed4be\" data-element_type=\"widget\" data-widget_type=\"heading.default\">\n\t\t\t\t<div class=\"elementor-widget-container\">\n\t\t\t\t\t<h2 class=\"elementor-heading-title elementor-size-default\">Po\u0161lete n\u00e1m zpr\u00e1vu a my v\u00e1m co nejd\u0159\u00edve odpov\u00edme.<\/h2>\t\t\t\t<\/div>\n\t\t\t\t<\/div>\n\t\t\t\t<div class=\"elementor-element elementor-element-1789699c elementor-widget-divider--view-line elementor-widget elementor-widget-divider\" data-id=\"1789699c\" data-element_type=\"widget\" data-widget_type=\"divider.default\">\n\t\t\t\t<div class=\"elementor-widget-container\">\n\t\t\t\t\t\t\t<div class=\"elementor-divider\">\n\t\t\t<span class=\"elementor-divider-separator\">\n\t\t\t\t\t\t<\/span>\n\t\t<\/div>\n\t\t\t\t\t\t<\/div>\n\t\t\t\t<\/div>\n\t\t\t\t<div class=\"elementor-element elementor-element-47e2348b elementor-widget elementor-widget-shortcode\" data-id=\"47e2348b\" data-element_type=\"widget\" data-widget_type=\"shortcode.default\">\n\t\t\t\t<div class=\"elementor-widget-container\">\n\t\t\t\t\t\t\t<div class=\"elementor-shortcode\">\n<div class=\"wpcf7 no-js\" id=\"wpcf7-f7467-o1\" lang=\"en-US\" dir=\"ltr\" data-wpcf7-id=\"7467\">\n<div class=\"screen-reader-response\"><p role=\"status\" aria-live=\"polite\" aria-atomic=\"true\"><\/p> <ul><\/ul><\/div>\n<form action=\"\/fr\/wp-json\/wp\/v2\/pages\/8088#wpcf7-f7467-o1\" method=\"post\" class=\"wpcf7-form init\" aria-label=\"Contact form\" novalidate=\"novalidate\" data-status=\"init\" data-trp-original-action=\"\/fr\/wp-json\/wp\/v2\/pages\/8088#wpcf7-f7467-o1\">\n<fieldset class=\"hidden-fields-container\"><input type=\"hidden\" name=\"_wpcf7\" value=\"7467\" \/><input type=\"hidden\" name=\"_wpcf7_version\" value=\"6.1.4\" \/><input type=\"hidden\" name=\"_wpcf7_locale\" value=\"en_US\" \/><input type=\"hidden\" name=\"_wpcf7_unit_tag\" value=\"wpcf7-f7467-o1\" \/><input type=\"hidden\" name=\"_wpcf7_container_post\" value=\"0\" \/><input type=\"hidden\" name=\"_wpcf7_posted_data_hash\" value=\"\" \/>\n<\/fieldset>\n<div class=\"st-contact-form\">\n\t<div class=\"contact-form\">\n\t\t<div class=\"form-group\">\n\t\t\t<p><span class=\"wpcf7-form-control-wrap\" data-name=\"your-name\"><input size=\"40\" maxlength=\"400\" class=\"wpcf7-form-control wpcf7-text wpcf7-validates-as-required form-control\" aria-required=\"true\" aria-invalid=\"false\" placeholder=\"Jm\u00e9no\" value=\"\" type=\"text\" name=\"your-name\" \/><\/span>\n\t\t\t<\/p>\n\t\t<\/div>\n\t\t<div class=\"form-group\">\n\t\t\t<p><span class=\"wpcf7-form-control-wrap\" data-name=\"your-name\"><input size=\"40\" maxlength=\"400\" class=\"wpcf7-form-control wpcf7-email wpcf7-validates-as-required wpcf7-text wpcf7-validates-as-email form-control\" aria-required=\"true\" aria-invalid=\"false\" placeholder=\"Email\" value=\"\" type=\"email\" name=\"your-name\" \/><\/span>\n\t\t\t<\/p>\n\t\t<\/div>\n\t\t<div class=\"form-group\">\n\t\t\t<p><span class=\"wpcf7-form-control-wrap\" data-name=\"your-message\"><textarea cols=\"40\" rows=\"10\" maxlength=\"2000\" class=\"wpcf7-form-control wpcf7-textarea form-control\" aria-invalid=\"false\" placeholder=\"Zpr\u00e1va\" name=\"your-message\"><\/textarea><\/span>\n\t\t\t<\/p>\n\t\t<\/div>\n\t\t<p><input class=\"wpcf7-form-control wpcf7-submit has-spinner btn btn-primary\" type=\"submit\" value=\"Odeslat zpr\u00e1vu\" \/>\n\t\t<\/p>\n\t<\/div>\n<\/div><div class=\"wpcf7-response-output\" aria-hidden=\"true\"><\/div>\n<input type=\"hidden\" name=\"trp-form-language\" value=\"fr\"\/><\/form>\n<\/div>\n<\/div>\n\t\t\t\t\t\t<\/div>\n\t\t\t\t<\/div>\n\t\t\t\t\t<\/div>\n\t\t<\/div>\n\t\t\t\t<div class=\"elementor-column elementor-col-50 elementor-top-column elementor-element elementor-element-1698e15a\" data-id=\"1698e15a\" data-element_type=\"column\">\n\t\t\t<div class=\"elementor-widget-wrap elementor-element-populated\">\n\t\t\t\t\t\t<div class=\"elementor-element elementor-element-24ae7afc elementor-widget elementor-widget-image\" data-id=\"24ae7afc\" data-element_type=\"widget\" data-widget_type=\"image.default\">\n\t\t\t\t<div class=\"elementor-widget-container\">\n\t\t\t\t\t\t\t\t\t\t\t\t\t\t\t<img  title=\"\" alt=\"\" loading=\"lazy\" >\t\t\t\t\t\t\t\t\t\t\t\t\t\t\t<\/div>\n\t\t\t\t<\/div>\n\t\t\t\t\t<\/div>\n\t\t<\/div>\n\t\t\t\t\t<\/div>\n\t\t<\/section>\n\t\t<div class=\"elementor-element elementor-element-0f025b5 e-flex e-con-boxed e-con e-parent\" data-id=\"0f025b5\" data-element_type=\"container\">\n\t\t\t\t\t<div class=\"e-con-inner\">\n\t\t\t\t<div class=\"elementor-element elementor-element-45cd735 elementor-widget elementor-widget-google_maps\" data-id=\"45cd735\" data-element_type=\"widget\" data-widget_type=\"google_maps.default\">\n\t\t\t\t<div class=\"elementor-widget-container\">\n\t\t\t\t\t\t\t<div class=\"elementor-custom-embed\">\n\t\t\t<iframe loading=\"lazy\"\n\t\t\t\t\t\n\t\t\t\t\ttitle=\"moknine,monastir\"\n\t\t\t\t\taria-label=\"moknine,monastir\"\n\t\t\t class=\"lws-optimize-lazyload\" data-src=\"https:\/\/maps.google.com\/maps?q=moknine%2Cmonastir&#038;t=m&#038;z=12&#038;output=embed&#038;iwloc=near\"><\/iframe>\n\t\t<\/div>\n\t\t\t\t\t\t<\/div>\n\t\t\t\t<\/div>\n\t\t\t\t\t<\/div>\n\t\t\t\t<\/div>\n\t\t\t\t<\/div>","protected":false},"excerpt":{"rendered":"<p>V\u00e1\u0161 n\u00e1zor je pro n\u00e1s d\u016fle\u017eit\u00fd! Po\u0161lete n\u00e1m zpr\u00e1vu a my v\u00e1m co nejd\u0159\u00edve odpov\u00edme.<\/p>","protected":false},"author":1,"featured_media":11253,"parent":0,"menu_order":0,"comment_status":"closed","ping_status":"closed","template":"template-fullwidth.php","meta":{"footnotes":""},"class_list":["post-8088","page","type-page","status-publish","has-post-thumbnail","hentry"],"yoast_head":"<!-- This site is optimized with the Yoast SEO plugin v27.5 - https:\/\/yoast.com\/product\/yoast-seo-wordpress\/ -->\n<title>Kontakt - Mon site<\/title>\n<meta name=\"robots\" content=\"index, follow, max-snippet:-1, max-image-preview:large, max-video-preview:-1\" \/>\n<link rel=\"canonical\" href=\"https:\/\/fatamorganavoyages.com\/fr\/kontakt\/\" \/>\n<meta property=\"og:locale\" content=\"fr_FR\" \/>\n<meta property=\"og:type\" content=\"article\" \/>\n<meta property=\"og:title\" content=\"Kontakt - Mon site\" \/>\n<meta property=\"og:description\" content=\"V\u00e1\u0161 n\u00e1zor je pro n\u00e1s d\u016fle\u017eit\u00fd! Po\u0161lete n\u00e1m zpr\u00e1vu a my v\u00e1m co nejd\u0159\u00edve odpov\u00edme.\" \/>\n<meta property=\"og:url\" content=\"https:\/\/fatamorganavoyages.com\/fr\/kontakt\/\" \/>\n<meta property=\"og:site_name\" content=\"Mon site\" \/>\n<meta property=\"article:modified_time\" content=\"2025-03-23T17:24:47+00:00\" \/>\n<meta property=\"og:image\" content=\"https:\/\/fatamorganavoyages.com\/wp-content\/uploads\/2025\/03\/97-1.png\" \/>\n\t<meta property=\"og:image:width\" content=\"754\" \/>\n\t<meta property=\"og:image:height\" content=\"390\" \/>\n\t<meta property=\"og:image:type\" content=\"image\/png\" \/>\n<meta name=\"twitter:card\" content=\"summary_large_image\" \/>\n<meta name=\"twitter:label1\" content=\"Dur\u00e9e de lecture estim\u00e9e\" \/>\n\t<meta name=\"twitter:data1\" content=\"1 minute\" \/>\n<script type=\"application\/ld+json\" class=\"yoast-schema-graph\">{\"@context\":\"https:\\\/\\\/schema.org\",\"@graph\":[{\"@type\":\"WebPage\",\"@id\":\"https:\\\/\\\/fatamorganavoyages.com\\\/kontakt\\\/\",\"url\":\"https:\\\/\\\/fatamorganavoyages.com\\\/kontakt\\\/\",\"name\":\"Kontakt - Mon site\",\"isPartOf\":{\"@id\":\"https:\\\/\\\/fatamorganavoyages.com\\\/#website\"},\"primaryImageOfPage\":{\"@id\":\"https:\\\/\\\/fatamorganavoyages.com\\\/kontakt\\\/#primaryimage\"},\"image\":{\"@id\":\"https:\\\/\\\/fatamorganavoyages.com\\\/kontakt\\\/#primaryimage\"},\"thumbnailUrl\":\"https:\\\/\\\/fatamorganavoyages.com\\\/wp-content\\\/uploads\\\/2025\\\/03\\\/97-1.png\",\"datePublished\":\"2018-12-10T04:55:29+00:00\",\"dateModified\":\"2025-03-23T17:24:47+00:00\",\"breadcrumb\":{\"@id\":\"https:\\\/\\\/fatamorganavoyages.com\\\/kontakt\\\/#breadcrumb\"},\"inLanguage\":\"fr-FR\",\"potentialAction\":[{\"@type\":\"ReadAction\",\"target\":[\"https:\\\/\\\/fatamorganavoyages.com\\\/kontakt\\\/\"]}]},{\"@type\":\"ImageObject\",\"inLanguage\":\"fr-FR\",\"@id\":\"https:\\\/\\\/fatamorganavoyages.com\\\/kontakt\\\/#primaryimage\",\"url\":\"https:\\\/\\\/fatamorganavoyages.com\\\/wp-content\\\/uploads\\\/2025\\\/03\\\/97-1.png\",\"contentUrl\":\"https:\\\/\\\/fatamorganavoyages.com\\\/wp-content\\\/uploads\\\/2025\\\/03\\\/97-1.png\",\"width\":754,\"height\":390},{\"@type\":\"BreadcrumbList\",\"@id\":\"https:\\\/\\\/fatamorganavoyages.com\\\/kontakt\\\/#breadcrumb\",\"itemListElement\":[{\"@type\":\"ListItem\",\"position\":1,\"name\":\"Home\",\"item\":\"https:\\\/\\\/fatamorganavoyages.com\\\/\"},{\"@type\":\"ListItem\",\"position\":2,\"name\":\"Kontakt\"}]},{\"@type\":\"WebSite\",\"@id\":\"https:\\\/\\\/fatamorganavoyages.com\\\/#website\",\"url\":\"https:\\\/\\\/fatamorganavoyages.com\\\/\",\"name\":\"Mon site\",\"description\":\"Mon site WordPress\",\"publisher\":{\"@id\":\"https:\\\/\\\/fatamorganavoyages.com\\\/#organization\"},\"potentialAction\":[{\"@type\":\"SearchAction\",\"target\":{\"@type\":\"EntryPoint\",\"urlTemplate\":\"https:\\\/\\\/fatamorganavoyages.com\\\/?s={search_term_string}\"},\"query-input\":{\"@type\":\"PropertyValueSpecification\",\"valueRequired\":true,\"valueName\":\"search_term_string\"}}],\"inLanguage\":\"fr-FR\"},{\"@type\":\"Organization\",\"@id\":\"https:\\\/\\\/fatamorganavoyages.com\\\/#organization\",\"name\":\"Mon site\",\"url\":\"https:\\\/\\\/fatamorganavoyages.com\\\/\",\"logo\":{\"@type\":\"ImageObject\",\"inLanguage\":\"fr-FR\",\"@id\":\"https:\\\/\\\/fatamorganavoyages.com\\\/#\\\/schema\\\/logo\\\/image\\\/\",\"url\":\"https:\\\/\\\/fatamorganavoyages.com\\\/wp-content\\\/uploads\\\/2025\\\/01\\\/cropped-cropped-cropped-Design-sans-titre-12-1-3.png\",\"contentUrl\":\"https:\\\/\\\/fatamorganavoyages.com\\\/wp-content\\\/uploads\\\/2025\\\/01\\\/cropped-cropped-cropped-Design-sans-titre-12-1-3.png\",\"width\":220,\"height\":155,\"caption\":\"Mon site\"},\"image\":{\"@id\":\"https:\\\/\\\/fatamorganavoyages.com\\\/#\\\/schema\\\/logo\\\/image\\\/\"}}]}<\/script>\n<!-- \/ Yoast SEO plugin. -->","yoast_head_json":{"title":"Kontakt - Mon site","robots":{"index":"index","follow":"follow","max-snippet":"max-snippet:-1","max-image-preview":"max-image-preview:large","max-video-preview":"max-video-preview:-1"},"canonical":"https:\/\/fatamorganavoyages.com\/fr\/kontakt\/","og_locale":"fr_FR","og_type":"article","og_title":"Kontakt - Mon site","og_description":"V\u00e1\u0161 n\u00e1zor je pro n\u00e1s d\u016fle\u017eit\u00fd! Po\u0161lete n\u00e1m zpr\u00e1vu a my v\u00e1m co nejd\u0159\u00edve odpov\u00edme.","og_url":"https:\/\/fatamorganavoyages.com\/fr\/kontakt\/","og_site_name":"Mon site","article_modified_time":"2025-03-23T17:24:47+00:00","og_image":[{"width":754,"height":390,"url":"https:\/\/fatamorganavoyages.com\/wp-content\/uploads\/2025\/03\/97-1.png","type":"image\/png"}],"twitter_card":"summary_large_image","twitter_misc":{"Dur\u00e9e de lecture estim\u00e9e":"1 minute"},"schema":{"@context":"https:\/\/schema.org","@graph":[{"@type":"WebPage","@id":"https:\/\/fatamorganavoyages.com\/kontakt\/","url":"https:\/\/fatamorganavoyages.com\/kontakt\/","name":"Kontakt - Mon site","isPartOf":{"@id":"https:\/\/fatamorganavoyages.com\/#website"},"primaryImageOfPage":{"@id":"https:\/\/fatamorganavoyages.com\/kontakt\/#primaryimage"},"image":{"@id":"https:\/\/fatamorganavoyages.com\/kontakt\/#primaryimage"},"thumbnailUrl":"https:\/\/fatamorganavoyages.com\/wp-content\/uploads\/2025\/03\/97-1.png","datePublished":"2018-12-10T04:55:29+00:00","dateModified":"2025-03-23T17:24:47+00:00","breadcrumb":{"@id":"https:\/\/fatamorganavoyages.com\/kontakt\/#breadcrumb"},"inLanguage":"fr-FR","potentialAction":[{"@type":"ReadAction","target":["https:\/\/fatamorganavoyages.com\/kontakt\/"]}]},{"@type":"ImageObject","inLanguage":"fr-FR","@id":"https:\/\/fatamorganavoyages.com\/kontakt\/#primaryimage","url":"https:\/\/fatamorganavoyages.com\/wp-content\/uploads\/2025\/03\/97-1.png","contentUrl":"https:\/\/fatamorganavoyages.com\/wp-content\/uploads\/2025\/03\/97-1.png","width":754,"height":390},{"@type":"BreadcrumbList","@id":"https:\/\/fatamorganavoyages.com\/kontakt\/#breadcrumb","itemListElement":[{"@type":"ListItem","position":1,"name":"Home","item":"https:\/\/fatamorganavoyages.com\/"},{"@type":"ListItem","position":2,"name":"Kontakt"}]},{"@type":"WebSite","@id":"https:\/\/fatamorganavoyages.com\/#website","url":"https:\/\/fatamorganavoyages.com\/","name":"Mon site","description":"Mon site WordPress","publisher":{"@id":"https:\/\/fatamorganavoyages.com\/#organization"},"potentialAction":[{"@type":"SearchAction","target":{"@type":"EntryPoint","urlTemplate":"https:\/\/fatamorganavoyages.com\/?s={search_term_string}"},"query-input":{"@type":"PropertyValueSpecification","valueRequired":true,"valueName":"search_term_string"}}],"inLanguage":"fr-FR"},{"@type":"Organization","@id":"https:\/\/fatamorganavoyages.com\/#organization","name":"Mon site","url":"https:\/\/fatamorganavoyages.com\/","logo":{"@type":"ImageObject","inLanguage":"fr-FR","@id":"https:\/\/fatamorganavoyages.com\/#\/schema\/logo\/image\/","url":"https:\/\/fatamorganavoyages.com\/wp-content\/uploads\/2025\/01\/cropped-cropped-cropped-Design-sans-titre-12-1-3.png","contentUrl":"https:\/\/fatamorganavoyages.com\/wp-content\/uploads\/2025\/01\/cropped-cropped-cropped-Design-sans-titre-12-1-3.png","width":220,"height":155,"caption":"Mon site"},"image":{"@id":"https:\/\/fatamorganavoyages.com\/#\/schema\/logo\/image\/"}}]}},"_links":{"self":[{"href":"https:\/\/fatamorganavoyages.com\/fr\/wp-json\/wp\/v2\/pages\/8088","targetHints":{"allow":["GET"]}}],"collection":[{"href":"https:\/\/fatamorganavoyages.com\/fr\/wp-json\/wp\/v2\/pages"}],"about":[{"href":"https:\/\/fatamorganavoyages.com\/fr\/wp-json\/wp\/v2\/types\/page"}],"author":[{"embeddable":true,"href":"https:\/\/fatamorganavoyages.com\/fr\/wp-json\/wp\/v2\/users\/1"}],"replies":[{"embeddable":true,"href":"https:\/\/fatamorganavoyages.com\/fr\/wp-json\/wp\/v2\/comments?post=8088"}],"version-history":[{"count":22,"href":"https:\/\/fatamorganavoyages.com\/fr\/wp-json\/wp\/v2\/pages\/8088\/revisions"}],"predecessor-version":[{"id":11352,"href":"https:\/\/fatamorganavoyages.com\/fr\/wp-json\/wp\/v2\/pages\/8088\/revisions\/11352"}],"wp:featuredmedia":[{"embeddable":true,"href":"https:\/\/fatamorganavoyages.com\/fr\/wp-json\/wp\/v2\/media\/11253"}],"wp:attachment":[{"href":"https:\/\/fatamorganavoyages.com\/fr\/wp-json\/wp\/v2\/media?parent=8088"}],"curies":[{"name":"wp","href":"https:\/\/api.w.org\/{rel}","templated":true}]}}